{"id":825,"date":"2025-11-10T14:42:45","date_gmt":"2025-11-10T14:42:45","guid":{"rendered":"https:\/\/cipicromie.com\/?post_type=product&#038;p=825"},"modified":"2025-11-19T17:47:58","modified_gmt":"2025-11-19T16:47:58","slug":"gift-card-combo-mes-couleurs-mon-visage","status":"publish","type":"product","link":"https:\/\/cipicromie.com\/it\/prodotto\/gift-card-combo-mes-couleurs-mon-visage\/","title":{"rendered":"Gift Card &#8211; Combo mes couleurs + mon visage"},"content":{"rendered":"<p data-start=\"1578\" data-end=\"1931\">Cette <em data-start=\"1604\" data-end=\"1618\">carte cadeau<\/em> r\u00e9unit deux \u00e9tapes cl\u00e9s pour se sublimer au quotidien : l\u2019<strong data-start=\"1677\" data-end=\"1701\">analyse des couleurs<\/strong> et l\u2019<strong data-start=\"1707\" data-end=\"1744\">\u00e9tude de la morphologie du visage<\/strong>.<br data-start=\"1745\" data-end=\"1748\" \/>On d\u00e9couvre ensemble les teintes qui flattent le teint, les accessoires, les lunettes et les coiffures qui mettent les traits en valeur.<br data-start=\"1884\" data-end=\"1887\" \/>Id\u00e9al pour un changement tout en douceur !<\/p>\n<p data-start=\"1933\" data-end=\"1958\"><strong data-start=\"1933\" data-end=\"1956\">Ce qui est inclus :<\/strong><\/p>\n<ul data-start=\"1959\" data-end=\"2162\">\n<li data-start=\"1959\" data-end=\"1996\">\n<p data-start=\"1961\" data-end=\"1996\">Analyse des couleurs (armocromie)<\/p>\n<\/li>\n<li data-start=\"1997\" data-end=\"2028\">\n<p data-start=\"1999\" data-end=\"2028\">\u00c9tude de la forme du visage<\/p>\n<\/li>\n<li data-start=\"2029\" data-end=\"2077\">\n<p data-start=\"2031\" data-end=\"2077\">Conseils personnalis\u00e9s beaut\u00e9 et accessoires<\/p>\n<\/li>\n<li data-start=\"2078\" data-end=\"2111\">\n<p data-start=\"2080\" data-end=\"2111\">Fiche r\u00e9capitulative compl\u00e8te<\/p>\n<\/li>\n<li data-start=\"2112\" data-end=\"2162\">\n<p data-start=\"2114\" data-end=\"2162\">Validit\u00e9 : 6 mois \u00e0 partir de la date d\u2019achat<\/p>\n<\/li>\n<\/ul>\n<p data-start=\"2164\" data-end=\"2327\"><strong data-start=\"2164\" data-end=\"2187\">Comment \u00e7a marche :<\/strong><br data-start=\"2187\" data-end=\"2190\" \/>Tu re\u00e7ois la carte cadeau par e-mail, pr\u00eate \u00e0 imprimer ou \u00e0 envoyer.<br data-start=\"2258\" data-end=\"2261\" \/>La personne pourra ensuite me contacter pour r\u00e9server sa s\u00e9ance.<\/p>","protected":false},"excerpt":{"rendered":"<p>Un duo parfait pour r\u00e9v\u00e9ler sa lumi\u00e8re naturelle.<\/p>","protected":false},"featured_media":862,"template":"","meta":{"om_disable_all_campaigns":false,"_monsterinsights_skip_tracking":false,"_monsterinsights_sitenote_active":false,"_monsterinsights_sitenote_note":"","_monsterinsights_sitenote_category":0,"_uf_show_specific_survey":0,"_uf_disable_surveys":false},"product_brand":[],"product_cat":[25],"product_tag":[],"class_list":{"0":"post-825","1":"product","2":"type-product","3":"status-publish","4":"has-post-thumbnail","6":"product_cat-gift-card","8":"first","9":"instock","10":"virtual","11":"taxable","12":"purchasable","13":"product-type-simple"},"aioseo_notices":[],"jetpack_sharing_enabled":true,"_links":{"self":[{"href":"https:\/\/cipicromie.com\/it\/wp-json\/wp\/v2\/product\/825","targetHints":{"allow":["GET"]}}],"collection":[{"href":"https:\/\/cipicromie.com\/it\/wp-json\/wp\/v2\/product"}],"about":[{"href":"https:\/\/cipicromie.com\/it\/wp-json\/wp\/v2\/types\/product"}],"wp:featuredmedia":[{"embeddable":true,"href":"https:\/\/cipicromie.com\/it\/wp-json\/wp\/v2\/media\/862"}],"wp:attachment":[{"href":"https:\/\/cipicromie.com\/it\/wp-json\/wp\/v2\/media?parent=825"}],"wp:term":[{"taxonomy":"product_brand","embeddable":true,"href":"https:\/\/cipicromie.com\/it\/wp-json\/wp\/v2\/product_brand?post=825"},{"taxonomy":"product_cat","embeddable":true,"href":"https:\/\/cipicromie.com\/it\/wp-json\/wp\/v2\/product_cat?post=825"},{"taxonomy":"product_tag","embeddable":true,"href":"https:\/\/cipicromie.com\/it\/wp-json\/wp\/v2\/product_tag?post=825"}],"curies":[{"name":"wp","href":"https:\/\/api.w.org\/{rel}","templated":true}]}}