{"id":821,"date":"2025-11-10T14:24:28","date_gmt":"2025-11-10T14:24:28","guid":{"rendered":"https:\/\/cipicromie.com\/?post_type=product&#038;p=821"},"modified":"2025-11-19T17:49:28","modified_gmt":"2025-11-19T16:49:28","slug":"gift-card-mon-visage","status":"publish","type":"product","link":"https:\/\/cipicromie.com\/it\/prodotto\/gift-card-mon-visage\/","title":{"rendered":"Gift Card &#8211; mon visage"},"content":{"rendered":"<p data-start=\"1447\" data-end=\"1792\">Offrez une <em data-start=\"1478\" data-end=\"1514\">carte cadeau Mon visage<\/em> \u00e0 quelqu\u2019un qui souhaite mieux comprendre ce qui rend son visage unique.<br data-start=\"1587\" data-end=\"1590\" \/>Ensemble, nous identifierons la forme du visage et verrons quelles coupes, accessoires, lunettes ou boucles d\u2019oreilles le mettent le plus en valeur.<br data-start=\"1738\" data-end=\"1741\" \/>Une exp\u00e9rience ludique et pleine de d\u00e9couvertes !<\/p>\n<p data-start=\"1794\" data-end=\"1819\"><strong data-start=\"1794\" data-end=\"1817\">Ce qui est inclus :<\/strong><\/p>\n<ul data-start=\"1820\" data-end=\"2009\">\n<li data-start=\"1820\" data-end=\"1867\">\n<p data-start=\"1822\" data-end=\"1867\">Analyse personnalis\u00e9e de la forme du visage<\/p>\n<\/li>\n<li data-start=\"1868\" data-end=\"1924\">\n<p data-start=\"1870\" data-end=\"1924\">Conseils coiffure, maquillage et accessoires adapt\u00e9s<\/p>\n<\/li>\n<li data-start=\"1925\" data-end=\"1958\">\n<p data-start=\"1927\" data-end=\"1958\">Fiche r\u00e9capitulative pratique<\/p>\n<\/li>\n<li data-start=\"1959\" data-end=\"2009\">\n<p data-start=\"1961\" data-end=\"2009\">Validit\u00e9 : 6 mois \u00e0 partir de la date d\u2019achat<\/p>\n<\/li>\n<\/ul>\n<p data-start=\"2011\" data-end=\"2191\"><strong data-start=\"2011\" data-end=\"2034\">Comment \u00e7a marche :<\/strong><br data-start=\"2034\" data-end=\"2037\" \/>La carte cadeau est envoy\u00e9e par e-mail, pr\u00eate \u00e0 offrir ou \u00e0 imprimer.<br data-start=\"2106\" data-end=\"2109\" \/>La personne pourra me contacter quand elle le souhaite pour planifier la s\u00e9ance.<\/p>","protected":false},"excerpt":{"rendered":"<p>Pour mieux comprendre son visage et sublimer ses traits.<\/p>","protected":false},"featured_media":860,"template":"","meta":{"om_disable_all_campaigns":false,"_monsterinsights_skip_tracking":false,"_monsterinsights_sitenote_active":false,"_monsterinsights_sitenote_note":"","_monsterinsights_sitenote_category":0,"_uf_show_specific_survey":0,"_uf_disable_surveys":false},"product_brand":[],"product_cat":[25],"product_tag":[],"class_list":{"0":"post-821","1":"product","2":"type-product","3":"status-publish","4":"has-post-thumbnail","6":"product_cat-gift-card","8":"first","9":"instock","10":"virtual","11":"taxable","12":"purchasable","13":"product-type-simple"},"aioseo_notices":[],"jetpack_sharing_enabled":true,"_links":{"self":[{"href":"https:\/\/cipicromie.com\/it\/wp-json\/wp\/v2\/product\/821","targetHints":{"allow":["GET"]}}],"collection":[{"href":"https:\/\/cipicromie.com\/it\/wp-json\/wp\/v2\/product"}],"about":[{"href":"https:\/\/cipicromie.com\/it\/wp-json\/wp\/v2\/types\/product"}],"wp:featuredmedia":[{"embeddable":true,"href":"https:\/\/cipicromie.com\/it\/wp-json\/wp\/v2\/media\/860"}],"wp:attachment":[{"href":"https:\/\/cipicromie.com\/it\/wp-json\/wp\/v2\/media?parent=821"}],"wp:term":[{"taxonomy":"product_brand","embeddable":true,"href":"https:\/\/cipicromie.com\/it\/wp-json\/wp\/v2\/product_brand?post=821"},{"taxonomy":"product_cat","embeddable":true,"href":"https:\/\/cipicromie.com\/it\/wp-json\/wp\/v2\/product_cat?post=821"},{"taxonomy":"product_tag","embeddable":true,"href":"https:\/\/cipicromie.com\/it\/wp-json\/wp\/v2\/product_tag?post=821"}],"curies":[{"name":"wp","href":"https:\/\/api.w.org\/{rel}","templated":true}]}}