{"id":787,"date":"2025-09-18T14:53:45","date_gmt":"2025-09-18T14:53:45","guid":{"rendered":"https:\/\/cipicromie.com\/?post_type=product&#038;p=787"},"modified":"2025-11-16T13:51:02","modified_gmt":"2025-11-16T12:51:02","slug":"mes-couleurs","status":"publish","type":"product","link":"https:\/\/cipicromie.com\/it\/prodotto\/mes-couleurs\/","title":{"rendered":"Mes Couleurs"},"content":{"rendered":"<p>D\u00e9couvrez les couleurs qui vous mettent naturellement en valeur.<br \/>\nLors de cette consultation, je d\u00e9termine votre saison (printemps, \u00e9t\u00e9, automne, hiver) \u00e0 partir de vos caract\u00e9ristiques naturelles (peau, yeux, cheveux).<br \/>\nVous recevrez votre palette personnalis\u00e9e et des conseils sur les teintes \u00e0 privil\u00e9gier pour vos v\u00eatements, maquillage et accessoires.<\/p>\n<p>Vous recevez un dossier personnalis\u00e9 PDF avec votre palette et mes recommandations.<\/p>","protected":false},"excerpt":{"rendered":"<p>D\u00e9couvrez les couleurs qui vous mettent naturellement en valeur.<\/p>","protected":false},"featured_media":311,"template":"","meta":{"om_disable_all_campaigns":false,"_monsterinsights_skip_tracking":false,"_monsterinsights_sitenote_active":false,"_monsterinsights_sitenote_note":"","_monsterinsights_sitenote_category":0,"_uf_show_specific_survey":0,"_uf_disable_surveys":false},"product_brand":[],"product_cat":[24],"product_tag":[],"class_list":{"0":"post-787","1":"product","2":"type-product","3":"status-publish","4":"has-post-thumbnail","6":"product_cat-consultations","8":"first","9":"instock","10":"virtual","11":"taxable","12":"purchasable","13":"product-type-simple"},"aioseo_notices":[],"jetpack_sharing_enabled":true,"_links":{"self":[{"href":"https:\/\/cipicromie.com\/it\/wp-json\/wp\/v2\/product\/787","targetHints":{"allow":["GET"]}}],"collection":[{"href":"https:\/\/cipicromie.com\/it\/wp-json\/wp\/v2\/product"}],"about":[{"href":"https:\/\/cipicromie.com\/it\/wp-json\/wp\/v2\/types\/product"}],"wp:featuredmedia":[{"embeddable":true,"href":"https:\/\/cipicromie.com\/it\/wp-json\/wp\/v2\/media\/311"}],"wp:attachment":[{"href":"https:\/\/cipicromie.com\/it\/wp-json\/wp\/v2\/media?parent=787"}],"wp:term":[{"taxonomy":"product_brand","embeddable":true,"href":"https:\/\/cipicromie.com\/it\/wp-json\/wp\/v2\/product_brand?post=787"},{"taxonomy":"product_cat","embeddable":true,"href":"https:\/\/cipicromie.com\/it\/wp-json\/wp\/v2\/product_cat?post=787"},{"taxonomy":"product_tag","embeddable":true,"href":"https:\/\/cipicromie.com\/it\/wp-json\/wp\/v2\/product_tag?post=787"}],"curies":[{"name":"wp","href":"https:\/\/api.w.org\/{rel}","templated":true}]}}