{"id":16,"date":"2024-04-09T11:22:02","date_gmt":"2024-04-09T11:22:02","guid":{"rendered":"https:\/\/cipicromie.com\/?page_id=16"},"modified":"2024-08-07T13:17:43","modified_gmt":"2024-08-07T13:17:43","slug":"contact","status":"publish","type":"page","link":"https:\/\/cipicromie.com\/it\/contact\/","title":{"rendered":"Contatti"},"content":{"rendered":"<div data-elementor-type=\"wp-page\" data-elementor-id=\"16\" class=\"elementor elementor-16\">\n\t\t\t\t<div class=\"elementor-element elementor-element-e157ff7 e-flex e-con-boxed e-con e-parent\" data-id=\"e157ff7\" data-element_type=\"container\" data-e-type=\"container\" data-settings=\"{&quot;background_background&quot;:&quot;classic&quot;}\">\n\t\t\t\t\t<div class=\"e-con-inner\">\n\t\t<div class=\"elementor-element elementor-element-ccd40b3 e-con-full e-flex e-con e-child\" data-id=\"ccd40b3\" data-element_type=\"container\" data-e-type=\"container\">\n\t\t\t\t<div class=\"elementor-element elementor-element-7d3dfce elementor-widget elementor-widget-image\" data-id=\"7d3dfce\" data-element_type=\"widget\" data-e-type=\"widget\" data-widget_type=\"image.default\">\n\t\t\t\t<div class=\"elementor-widget-container\">\n\t\t\t\t\t\t\t\t\t\t\t\t\t\t\t<img fetchpriority=\"high\" decoding=\"async\" width=\"768\" height=\"1024\" src=\"https:\/\/i0.wp.com\/cipicromie.com\/wp-content\/uploads\/2024\/05\/cipicromie-contact.png?fit=768%2C1024&amp;ssl=1\" class=\"attachment-large size-large wp-image-364\" alt=\"\" srcset=\"https:\/\/i0.wp.com\/cipicromie.com\/wp-content\/uploads\/2024\/05\/cipicromie-contact.png?w=1200&amp;ssl=1 1200w, https:\/\/i0.wp.com\/cipicromie.com\/wp-content\/uploads\/2024\/05\/cipicromie-contact.png?resize=300%2C400&amp;ssl=1 300w, https:\/\/i0.wp.com\/cipicromie.com\/wp-content\/uploads\/2024\/05\/cipicromie-contact.png?resize=600%2C800&amp;ssl=1 600w\" sizes=\"(max-width: 768px) 100vw, 768px\" \/>\t\t\t\t\t\t\t\t\t\t\t\t\t\t\t<\/div>\n\t\t\t\t<\/div>\n\t\t\t\t<\/div>\n\t\t<div class=\"elementor-element elementor-element-ac29904 e-con-full e-flex e-con e-child\" data-id=\"ac29904\" data-element_type=\"container\" data-e-type=\"container\">\n\t\t\t\t<div class=\"elementor-element elementor-element-7910ee4d elementor-widget elementor-widget-heading\" data-id=\"7910ee4d\" data-element_type=\"widget\" data-e-type=\"widget\" data-widget_type=\"heading.default\">\n\t\t\t\t<div class=\"elementor-widget-container\">\n\t\t\t\t\t<h2 class=\"elementor-heading-title elementor-size-default\">Contattami o prenota una seduta<\/h2>\t\t\t\t<\/div>\n\t\t\t\t<\/div>\n\t\t\t\t<div class=\"elementor-element elementor-element-6c7a2d0 elementor-widget elementor-widget-text-editor\" data-id=\"6c7a2d0\" data-element_type=\"widget\" data-e-type=\"widget\" data-widget_type=\"text-editor.default\">\n\t\t\t\t<div class=\"elementor-widget-container\">\n\t\t\t\t\t\t\t\t\t<p>Usa il modulo per metterti in contatto, chiedere informazioni o prenotare una seduta. Le consulenze si svolgono sempre di persona, a Bruxelles, Parigi e Milano.<\/p><p>Se non sai quale consulenza sia pi\u00f9 adatta a te oppure hai delle domande da farmi, puoi prenotare una chiamata conoscitiva.<\/p><p>Non dimenticare di controllare la cartella SPAM se dopo qualche giorno non hai ricevuto risposta nella tua casella di posta principale.<\/p>\t\t\t\t\t\t\t\t<\/div>\n\t\t\t\t<\/div>\n\t\t\t\t<\/div>\n\t\t\t\t\t<\/div>\n\t\t\t\t<\/div>\n\t\t<div class=\"elementor-element elementor-element-768892cf e-flex e-con-boxed e-con e-parent\" data-id=\"768892cf\" data-element_type=\"container\" data-e-type=\"container\" data-settings=\"{&quot;background_background&quot;:&quot;classic&quot;}\">\n\t\t\t\t\t<div class=\"e-con-inner\">\n\t\t<div class=\"elementor-element elementor-element-3887336d e-con-full e-flex e-con e-child\" data-id=\"3887336d\" data-element_type=\"container\" data-e-type=\"container\">\n\t\t\t\t<div class=\"elementor-element elementor-element-370a2f31 dex-contact elementor-widget elementor-widget-text-editor\" data-id=\"370a2f31\" data-element_type=\"widget\" data-e-type=\"widget\" data-widget_type=\"text-editor.default\">\n\t\t\t\t<div class=\"elementor-widget-container\">\n\t\t\t\t\t\t\t\t\t<p>\n<div class=\"wpcf7 no-js\" id=\"wpcf7-f100-o1\" lang=\"fr-FR\" dir=\"ltr\" data-wpcf7-id=\"100\">\n<div class=\"screen-reader-response\"><p role=\"status\" aria-live=\"polite\" aria-atomic=\"true\"><\/p> <ul><\/ul><\/div>\n<form action=\"\/it\/wp-json\/wp\/v2\/pages\/16#wpcf7-f100-o1\" method=\"post\" class=\"wpcf7-form init\" aria-label=\"Formulaire de contact\" novalidate=\"novalidate\" data-status=\"init\" data-trp-original-action=\"\/it\/wp-json\/wp\/v2\/pages\/16#wpcf7-f100-o1\">\n<fieldset class=\"hidden-fields-container\"><input type=\"hidden\" name=\"_wpcf7\" value=\"100\" \/><input type=\"hidden\" name=\"_wpcf7_version\" value=\"6.1.5\" \/><input type=\"hidden\" name=\"_wpcf7_locale\" value=\"fr_FR\" \/><input type=\"hidden\" name=\"_wpcf7_unit_tag\" value=\"wpcf7-f100-o1\" \/><input type=\"hidden\" name=\"_wpcf7_container_post\" value=\"0\" \/><input type=\"hidden\" name=\"_wpcf7_posted_data_hash\" value=\"\" \/>\n<\/fieldset>\n<label> Nome*\n    <span class=\"wpcf7-form-control-wrap\" data-name=\"your-name\"><input size=\"40\" maxlength=\"400\" class=\"wpcf7-form-control wpcf7-text wpcf7-validates-as-required\" autocomplete=\"name\" aria-required=\"true\" aria-invalid=\"false\" value=\"\" type=\"text\" name=\"your-name\" \/><\/span> <\/label>\n\n<label> E-mail*\n    <span class=\"wpcf7-form-control-wrap\" data-name=\"your-email\"><input size=\"40\" maxlength=\"400\" class=\"wpcf7-form-control wpcf7-email wpcf7-validates-as-required wpcf7-text wpcf7-validates-as-email\" autocomplete=\"email\" aria-required=\"true\" aria-invalid=\"false\" value=\"\" type=\"email\" name=\"your-email\" \/><\/span> <\/label>\n\n<label> Tel*\n<span class=\"wpcf7-form-control-wrap\" data-name=\"tel-356\"><input size=\"40\" maxlength=\"400\" class=\"wpcf7-form-control wpcf7-tel wpcf7-validates-as-required wpcf7-text wpcf7-validates-as-tel\" aria-required=\"true\" aria-invalid=\"false\" value=\"\" type=\"tel\" name=\"tel-356\" \/><\/span> <\/label>\n\n<label> Consulenze\n<span class=\"wpcf7-form-control-wrap\" data-name=\"Consultations\"><select class=\"wpcf7-form-control wpcf7-select\" aria-invalid=\"false\" name=\"Consultations\"><option value=\"\">&#8212;Veuillez choisir une option&#8212;<\/option><option value=\"Mes Couleurs\">Mes Couleurs<\/option><option value=\"Ma Silhouette\">Ma Silhouette<\/option><option value=\"Mon Visage\">Mon Visage<\/option><option value=\"Combo Mes Couleurs + Ma Silhouette\">Combo Mes Couleurs + Ma Silhouette<\/option><option value=\"Combo Mes Couleurs + Mon Visage\">Combo Mes Couleurs + Mon Visage<\/option><option value=\"Combo Ma Silhouette + Mon Visage\">Combo Ma Silhouette + Mon Visage<\/option><option value=\"Combo Mes Couleurs + Ma Silhouette + Mon Visage\">Combo Mes Couleurs + Ma Silhouette + Mon Visage<\/option><\/select><\/span> <\/label>\n\n<label> Citt\u00e0*\n<span class=\"wpcf7-form-control-wrap\" data-name=\"Ville\"><select class=\"wpcf7-form-control wpcf7-select\" aria-invalid=\"false\" name=\"Ville\"><option value=\"\">&#8212;Veuillez choisir une option&#8212;<\/option><option value=\"Bruxelles\">Bruxelles<\/option><option value=\"Paris\">Paris<\/option><option value=\"Milan\">Milan<\/option><\/select><\/span><\/label>\n\n<label> Data di preferenza\n<span class=\"wpcf7-form-control-wrap\" data-name=\"Dates\"><input size=\"40\" maxlength=\"400\" class=\"wpcf7-form-control wpcf7-text\" aria-invalid=\"false\" value=\"\" type=\"text\" name=\"Dates\" \/><\/span><\/label>\n\n<label> Messaggio*\n    <span class=\"wpcf7-form-control-wrap\" data-name=\"your-message\"><textarea cols=\"40\" rows=\"10\" maxlength=\"2000\" class=\"wpcf7-form-control wpcf7-textarea wpcf7-validates-as-required\" aria-required=\"true\" aria-invalid=\"false\" name=\"your-message\"><\/textarea><\/span> <\/label>\n\n<input class=\"wpcf7-form-control wpcf7-submit has-spinner\" type=\"submit\" value=\"Inviare\" \/><input type=\"hidden\" id=\"ct_checkjs_cf7_59c33016884a62116be975a9bb8257e3\" name=\"ct_checkjs_cf7\" value=\"0\" \/><script >setTimeout(function(){var ct_input_name = \"ct_checkjs_cf7_59c33016884a62116be975a9bb8257e3\";if (document.getElementById(ct_input_name) !== null) {var ct_input_value = document.getElementById(ct_input_name).value;document.getElementById(ct_input_name).value = document.getElementById(ct_input_name).value.replace(ct_input_value, '328dcef95afe2c5d3f49c29d4a73ced71a2d025328ac4cb46af8c109d478313e');}}, 1000);<\/script><input\n                    class=\"apbct_special_field apbct_email_id__wp_contact_form_7\"\n                    name=\"apbct__email_id__wp_contact_form_7\"\n                    aria-label=\"apbct__label_id__wp_contact_form_7\"\n                    type=\"text\" size=\"30\" maxlength=\"200\" autocomplete=\"off\"\n                    value=\"\"\n                \/><div class=\"wpcf7-response-output\" aria-hidden=\"true\"><\/div>\n<input\n                    class=\"apbct_special_field apbct_email_id__elementor_form\"\n                    name=\"apbct__email_id__elementor_form\"\n                    aria-label=\"apbct__label_id__elementor_form\"\n                    type=\"text\" size=\"30\" maxlength=\"200\" autocomplete=\"off\"\n                    value=\"\"\n                \/><input type=\"hidden\" name=\"trp-form-language\" value=\"it\"\/><\/form>\n<\/div>\n<\/p>\t\t\t\t\t\t\t\t<\/div>\n\t\t\t\t<\/div>\n\t\t\t\t<\/div>\n\t\t\t\t\t<\/div>\n\t\t\t\t<\/div>\n\t\t\t\t<\/div>","protected":false},"excerpt":{"rendered":"<p>contacte-moi ou r\u00e9serve une s\u00e9ance Utilise le formulaire pour prendre contact, demander des informations ou r\u00e9server une s\u00e9ance. Les consultations se d\u00e9roulent toujours en personne, \u00e0 Bruxelles, Paris et Milan. Si tu ne sais pas quelle consultation vaut mieux pour toi ou t&rsquo;as des questions&#8230;<\/p>","protected":false},"author":1,"featured_media":0,"parent":0,"menu_order":0,"comment_status":"closed","ping_status":"closed","template":"elementor_header_footer","meta":{"om_disable_all_campaigns":false,"_monsterinsights_skip_tracking":false,"_monsterinsights_sitenote_active":false,"_monsterinsights_sitenote_note":"","_monsterinsights_sitenote_category":0,"_uf_show_specific_survey":0,"_uf_disable_surveys":false,"footnotes":""},"class_list":["post-16","page","type-page","status-publish","hentry"],"aioseo_notices":[],"jetpack_sharing_enabled":true,"_links":{"self":[{"href":"https:\/\/cipicromie.com\/it\/wp-json\/wp\/v2\/pages\/16","targetHints":{"allow":["GET"]}}],"collection":[{"href":"https:\/\/cipicromie.com\/it\/wp-json\/wp\/v2\/pages"}],"about":[{"href":"https:\/\/cipicromie.com\/it\/wp-json\/wp\/v2\/types\/page"}],"author":[{"embeddable":true,"href":"https:\/\/cipicromie.com\/it\/wp-json\/wp\/v2\/users\/1"}],"replies":[{"embeddable":true,"href":"https:\/\/cipicromie.com\/it\/wp-json\/wp\/v2\/comments?post=16"}],"version-history":[{"count":75,"href":"https:\/\/cipicromie.com\/it\/wp-json\/wp\/v2\/pages\/16\/revisions"}],"predecessor-version":[{"id":730,"href":"https:\/\/cipicromie.com\/it\/wp-json\/wp\/v2\/pages\/16\/revisions\/730"}],"wp:attachment":[{"href":"https:\/\/cipicromie.com\/it\/wp-json\/wp\/v2\/media?parent=16"}],"curies":[{"name":"wp","href":"https:\/\/api.w.org\/{rel}","templated":true}]}}