{"id":13,"date":"2024-04-09T11:21:42","date_gmt":"2024-04-09T11:21:42","guid":{"rendered":"https:\/\/cipicromie.com\/?page_id=13"},"modified":"2024-08-07T13:02:35","modified_gmt":"2024-08-07T13:02:35","slug":"a-propos","status":"publish","type":"page","link":"https:\/\/cipicromie.com\/it\/a-propos\/","title":{"rendered":"Su di me"},"content":{"rendered":"<div data-elementor-type=\"wp-page\" data-elementor-id=\"13\" class=\"elementor elementor-13\">\n\t\t\t\t<div class=\"elementor-element elementor-element-381f3f3e e-con-full e-flex e-con e-parent\" data-id=\"381f3f3e\" data-element_type=\"container\" data-e-type=\"container\" data-settings=\"{&quot;background_background&quot;:&quot;classic&quot;}\">\n\t\t<div class=\"elementor-element elementor-element-5d7027d0 e-con-full e-flex e-con e-child\" data-id=\"5d7027d0\" data-element_type=\"container\" data-e-type=\"container\">\n\t\t\t\t<div class=\"elementor-element elementor-element-3112cad8 elementor-widget elementor-widget-image\" data-id=\"3112cad8\" data-element_type=\"widget\" data-e-type=\"widget\" data-widget_type=\"image.default\">\n\t\t\t\t<div class=\"elementor-widget-container\">\n\t\t\t\t\t\t\t\t\t\t\t\t\t\t\t<img fetchpriority=\"high\" decoding=\"async\" width=\"768\" height=\"1024\" src=\"https:\/\/i0.wp.com\/cipicromie.com\/wp-content\/uploads\/2024\/05\/cipicromie-camilla-petit.png?fit=768%2C1024&amp;ssl=1\" class=\"attachment-large size-large wp-image-339\" alt=\"cipicromie-camilla-petit\" srcset=\"https:\/\/i0.wp.com\/cipicromie.com\/wp-content\/uploads\/2024\/05\/cipicromie-camilla-petit.png?w=1200&amp;ssl=1 1200w, https:\/\/i0.wp.com\/cipicromie.com\/wp-content\/uploads\/2024\/05\/cipicromie-camilla-petit.png?resize=300%2C400&amp;ssl=1 300w, https:\/\/i0.wp.com\/cipicromie.com\/wp-content\/uploads\/2024\/05\/cipicromie-camilla-petit.png?resize=600%2C800&amp;ssl=1 600w, https:\/\/i0.wp.com\/cipicromie.com\/wp-content\/uploads\/2024\/05\/cipicromie-camilla-petit.png?resize=225%2C300&amp;ssl=1 225w, https:\/\/i0.wp.com\/cipicromie.com\/wp-content\/uploads\/2024\/05\/cipicromie-camilla-petit.png?resize=768%2C1024&amp;ssl=1 768w, https:\/\/i0.wp.com\/cipicromie.com\/wp-content\/uploads\/2024\/05\/cipicromie-camilla-petit.png?resize=1152%2C1536&amp;ssl=1 1152w, https:\/\/i0.wp.com\/cipicromie.com\/wp-content\/uploads\/2024\/05\/cipicromie-camilla-petit.png?resize=700%2C933&amp;ssl=1 700w, https:\/\/i0.wp.com\/cipicromie.com\/wp-content\/uploads\/2024\/05\/cipicromie-camilla-petit.png?resize=1100%2C1467&amp;ssl=1 1100w\" sizes=\"(max-width: 768px) 100vw, 768px\" \/>\t\t\t\t\t\t\t\t\t\t\t\t\t\t\t<\/div>\n\t\t\t\t<\/div>\n\t\t\t\t<\/div>\n\t\t<div class=\"elementor-element elementor-element-4ff2b2e1 e-con-full e-flex e-con e-child\" data-id=\"4ff2b2e1\" data-element_type=\"container\" data-e-type=\"container\">\n\t\t<div class=\"elementor-element elementor-element-468d2f66 e-flex e-con-boxed e-con e-child\" data-id=\"468d2f66\" data-element_type=\"container\" data-e-type=\"container\">\n\t\t\t\t\t<div class=\"e-con-inner\">\n\t\t\t\t<div class=\"elementor-element elementor-element-31c07dab elementor-widget elementor-widget-heading\" data-id=\"31c07dab\" data-element_type=\"widget\" data-e-type=\"widget\" data-widget_type=\"heading.default\">\n\t\t\t\t<div class=\"elementor-widget-container\">\n\t\t\t\t\t<h2 class=\"elementor-heading-title elementor-size-default\">Ciao !  Sono Camilla Petit. Per gli amici, CiPi.<\/h2>\t\t\t\t<\/div>\n\t\t\t\t<\/div>\n\t\t\t\t\t<\/div>\n\t\t\t\t<\/div>\n\t\t<div class=\"elementor-element elementor-element-383d4aed e-flex e-con-boxed e-con e-child\" data-id=\"383d4aed\" data-element_type=\"container\" data-e-type=\"container\">\n\t\t\t\t\t<div class=\"e-con-inner\">\n\t\t\t\t<div class=\"elementor-element elementor-element-7bbab01 elementor-widget elementor-widget-text-editor\" data-id=\"7bbab01\" data-element_type=\"widget\" data-e-type=\"widget\" data-widget_type=\"text-editor.default\">\n\t\t\t\t<div class=\"elementor-widget-container\">\n\t\t\t\t\t\t\t\t\t<div class=\"page\" title=\"Page 3\"><div class=\"section\"><div class=\"layoutArea\"><div class=\"column\"><div class=\"page\" title=\"Page 3\"><div class=\"section\"><div class=\"layoutArea\"><div class=\"column\"><p>Italo-belga, residente a Bruxelles dal 2022, dopo molti anni di ricerca del lavoro dei sogni ho capito che l'unico modo per sentirmi realizzata era lavorare per aiutare gli altri in qualcosa che mi appassioni.<\/p><p>Ci\u00f2 che mi fa battere il cuore sono il design e il colore, quindi ho cercato un modo per combinare le due cose in un unico lavoro.<\/p><p>Tutto \u00e8 iniziato nel 2015 circa, quando lavoravo per una boutique di gioielli a Londra prima di iniziare i miei studi in pubblicit\u00e0. In quel contesto mi sono resa conto che i gioielli in oro o argento non erano necessariamente adatti a tutti e che ogni carnagione aveva le sue preferenze.<\/p><\/div><\/div><\/div><\/div><\/div><\/div><\/div><\/div>\t\t\t\t\t\t\t\t<\/div>\n\t\t\t\t<\/div>\n\t\t\t\t\t<\/div>\n\t\t\t\t<\/div>\n\t\t\t\t<\/div>\n\t\t\t\t<\/div>\n\t\t<div class=\"elementor-element elementor-element-32607f7a e-flex e-con-boxed e-con e-parent\" data-id=\"32607f7a\" data-element_type=\"container\" data-e-type=\"container\" data-settings=\"{&quot;background_background&quot;:&quot;classic&quot;}\">\n\t\t\t\t\t<div class=\"e-con-inner\">\n\t\t<div class=\"elementor-element elementor-element-48b99055 e-con-full e-flex e-con e-child\" data-id=\"48b99055\" data-element_type=\"container\" data-e-type=\"container\">\n\t\t\t\t<div class=\"elementor-element elementor-element-2c586f76 elementor-widget elementor-widget-text-editor\" data-id=\"2c586f76\" data-element_type=\"widget\" data-e-type=\"widget\" data-widget_type=\"text-editor.default\">\n\t\t\t\t<div class=\"elementor-widget-container\">\n\t\t\t\t\t\t\t\t\t<p>\u00c8 in questo momento che ho iniziato la mia ricerca sull\u2019armocromia e sulla morfologia del corpo. Ho quindi seguito corsi di styling, armocromia e studio delle forme del corpo e del viso a Milano, presso L\u2019Italian Image Institute diretto da Rossella Migliaccio, una pioniera della professione.<\/p><p>Oggi, nella mia professione, \u00e8 fondamentale tenere conto delle preferenze personali e dello stile individuale quando si fanno delle scelte, ma vi incoraggio fortemente a sperimentare e a divertirvi con il vostro aspetto, tenendo sempre a mente i principi di base delle vostre forme e dei vostri colori.<\/p>\t\t\t\t\t\t\t\t<\/div>\n\t\t\t\t<\/div>\n\t\t\t\t<\/div>\n\t\t\t\t\t<\/div>\n\t\t\t\t<\/div>\n\t\t<div class=\"elementor-element elementor-element-6796483 e-flex e-con-boxed e-con e-parent\" data-id=\"6796483\" data-element_type=\"container\" data-e-type=\"container\" data-settings=\"{&quot;background_background&quot;:&quot;classic&quot;}\">\n\t\t\t\t\t<div class=\"e-con-inner\">\n\t\t<div class=\"elementor-element elementor-element-5d65b054 e-con-full e-flex e-con e-child\" data-id=\"5d65b054\" data-element_type=\"container\" data-e-type=\"container\">\n\t\t\t\t<\/div>\n\t\t<div class=\"elementor-element elementor-element-afb7a54 e-con-full e-flex e-con e-child\" data-id=\"afb7a54\" data-element_type=\"container\" data-e-type=\"container\">\n\t\t\t\t<div class=\"elementor-element elementor-element-23531e45 elementor-widget elementor-widget-heading\" data-id=\"23531e45\" data-element_type=\"widget\" data-e-type=\"widget\" data-widget_type=\"heading.default\">\n\t\t\t\t<div class=\"elementor-widget-container\">\n\t\t\t\t\t<h2 class=\"elementor-heading-title elementor-size-default\">prenota una sessione<\/h2>\t\t\t\t<\/div>\n\t\t\t\t<\/div>\n\t\t\t\t<div class=\"elementor-element elementor-element-59b694a elementor-widget elementor-widget-text-editor\" data-id=\"59b694a\" data-element_type=\"widget\" data-e-type=\"widget\" data-widget_type=\"text-editor.default\">\n\t\t\t\t<div class=\"elementor-widget-container\">\n\t\t\t\t\t\t\t\t\t<p>Utilizza il modulo per contattarmi, richiedere informazioni o prenotare una seduta. Se non sei sicuro.a di quale sia il consulto pi\u00f9 adatto a te o se hai delle domande, puoi prenotare una telefonata scoperta.<\/p><p>( Non scordarti di controllare nel tuo SPAM se dopo qualche giorno non hai ancora ricevuto una mail di risposta )<\/p>\t\t\t\t\t\t\t\t<\/div>\n\t\t\t\t<\/div>\n\t\t\t\t<\/div>\n\t\t<div class=\"elementor-element elementor-element-fdd7b61 e-con-full e-flex e-con e-child\" data-id=\"fdd7b61\" data-element_type=\"container\" data-e-type=\"container\">\n\t\t\t\t<\/div>\n\t\t\t\t\t<\/div>\n\t\t\t\t<\/div>\n\t\t<div class=\"elementor-element elementor-element-3245fa0 e-flex e-con-boxed e-con e-parent\" data-id=\"3245fa0\" data-element_type=\"container\" data-e-type=\"container\" data-settings=\"{&quot;background_background&quot;:&quot;classic&quot;}\">\n\t\t\t\t\t<div class=\"e-con-inner\">\n\t\t<div class=\"elementor-element elementor-element-a5c8a73 e-con-full e-flex e-con e-child\" data-id=\"a5c8a73\" data-element_type=\"container\" data-e-type=\"container\">\n\t\t\t\t<\/div>\n\t\t<div class=\"elementor-element elementor-element-6fa74ad e-con-full e-flex e-con e-child\" data-id=\"6fa74ad\" data-element_type=\"container\" data-e-type=\"container\">\n\t\t\t\t<div class=\"elementor-element elementor-element-30d8c47 dex-contact elementor-widget elementor-widget-stockholm_cf_7\" data-id=\"30d8c47\" data-element_type=\"widget\" data-e-type=\"widget\" data-widget_type=\"stockholm_cf_7.default\">\n\t\t\t\t<div class=\"elementor-widget-container\">\n\t\t\t\t\t    <div class=\"qode-contact-form-7 qode-contact-form-7-0\">\n    \n<div class=\"wpcf7 no-js\" id=\"wpcf7-f100-o1\" lang=\"fr-FR\" dir=\"ltr\" data-wpcf7-id=\"100\">\n<div class=\"screen-reader-response\"><p role=\"status\" aria-live=\"polite\" aria-atomic=\"true\"><\/p> <ul><\/ul><\/div>\n<form action=\"\/it\/wp-json\/wp\/v2\/pages\/13#wpcf7-f100-o1\" method=\"post\" class=\"wpcf7-form init default\" aria-label=\"Formulaire de contact\" novalidate=\"novalidate\" data-status=\"init\" data-trp-original-action=\"\/it\/wp-json\/wp\/v2\/pages\/13#wpcf7-f100-o1\">\n<fieldset class=\"hidden-fields-container\"><input type=\"hidden\" name=\"_wpcf7\" value=\"100\" \/><input type=\"hidden\" name=\"_wpcf7_version\" value=\"6.1.5\" \/><input type=\"hidden\" name=\"_wpcf7_locale\" value=\"fr_FR\" \/><input type=\"hidden\" name=\"_wpcf7_unit_tag\" value=\"wpcf7-f100-o1\" \/><input type=\"hidden\" name=\"_wpcf7_container_post\" value=\"0\" \/><input type=\"hidden\" name=\"_wpcf7_posted_data_hash\" value=\"\" \/>\n<\/fieldset>\n<label> Nome*\n    <span class=\"wpcf7-form-control-wrap\" data-name=\"your-name\"><input size=\"40\" maxlength=\"400\" class=\"wpcf7-form-control wpcf7-text wpcf7-validates-as-required\" autocomplete=\"name\" aria-required=\"true\" aria-invalid=\"false\" value=\"\" type=\"text\" name=\"your-name\" \/><\/span> <\/label>\n\n<label> E-mail*\n    <span class=\"wpcf7-form-control-wrap\" data-name=\"your-email\"><input size=\"40\" maxlength=\"400\" class=\"wpcf7-form-control wpcf7-email wpcf7-validates-as-required wpcf7-text wpcf7-validates-as-email\" autocomplete=\"email\" aria-required=\"true\" aria-invalid=\"false\" value=\"\" type=\"email\" name=\"your-email\" \/><\/span> <\/label>\n\n<label> Tel*\n<span class=\"wpcf7-form-control-wrap\" data-name=\"tel-356\"><input size=\"40\" maxlength=\"400\" class=\"wpcf7-form-control wpcf7-tel wpcf7-validates-as-required wpcf7-text wpcf7-validates-as-tel\" aria-required=\"true\" aria-invalid=\"false\" value=\"\" type=\"tel\" name=\"tel-356\" \/><\/span> <\/label>\n\n<label> Consulenze\n<span class=\"wpcf7-form-control-wrap\" data-name=\"Consultations\"><select class=\"wpcf7-form-control wpcf7-select\" aria-invalid=\"false\" name=\"Consultations\"><option value=\"\">&#8212;Veuillez choisir une option&#8212;<\/option><option value=\"Mes Couleurs\">Mes Couleurs<\/option><option value=\"Ma Silhouette\">Ma Silhouette<\/option><option value=\"Mon Visage\">Mon Visage<\/option><option value=\"Combo Mes Couleurs + Ma Silhouette\">Combo Mes Couleurs + Ma Silhouette<\/option><option value=\"Combo Mes Couleurs + Mon Visage\">Combo Mes Couleurs + Mon Visage<\/option><option value=\"Combo Ma Silhouette + Mon Visage\">Combo Ma Silhouette + Mon Visage<\/option><option value=\"Combo Mes Couleurs + Ma Silhouette + Mon Visage\">Combo Mes Couleurs + Ma Silhouette + Mon Visage<\/option><\/select><\/span> <\/label>\n\n<label> Citt\u00e0*\n<span class=\"wpcf7-form-control-wrap\" data-name=\"Ville\"><select class=\"wpcf7-form-control wpcf7-select\" aria-invalid=\"false\" name=\"Ville\"><option value=\"\">&#8212;Veuillez choisir une option&#8212;<\/option><option value=\"Bruxelles\">Bruxelles<\/option><option value=\"Paris\">Paris<\/option><option value=\"Milan\">Milan<\/option><\/select><\/span><\/label>\n\n<label> Data di preferenza\n<span class=\"wpcf7-form-control-wrap\" data-name=\"Dates\"><input size=\"40\" maxlength=\"400\" class=\"wpcf7-form-control wpcf7-text\" aria-invalid=\"false\" value=\"\" type=\"text\" name=\"Dates\" \/><\/span><\/label>\n\n<label> Messaggio*\n    <span class=\"wpcf7-form-control-wrap\" data-name=\"your-message\"><textarea cols=\"40\" rows=\"10\" maxlength=\"2000\" class=\"wpcf7-form-control wpcf7-textarea wpcf7-validates-as-required\" aria-required=\"true\" aria-invalid=\"false\" name=\"your-message\"><\/textarea><\/span> <\/label>\n\n<input class=\"wpcf7-form-control wpcf7-submit has-spinner\" type=\"submit\" value=\"Inviare\" \/><input type=\"hidden\" id=\"ct_checkjs_cf7_4734ba6f3de83d861c3176a6273cac6d\" name=\"ct_checkjs_cf7\" value=\"0\" \/><script >setTimeout(function(){var ct_input_name = \"ct_checkjs_cf7_4734ba6f3de83d861c3176a6273cac6d\";if (document.getElementById(ct_input_name) !== null) {var ct_input_value = document.getElementById(ct_input_name).value;document.getElementById(ct_input_name).value = document.getElementById(ct_input_name).value.replace(ct_input_value, '328dcef95afe2c5d3f49c29d4a73ced71a2d025328ac4cb46af8c109d478313e');}}, 1000);<\/script><input\n                    class=\"apbct_special_field apbct_email_id__wp_contact_form_7\"\n                    name=\"apbct__email_id__wp_contact_form_7\"\n                    aria-label=\"apbct__label_id__wp_contact_form_7\"\n                    type=\"text\" size=\"30\" maxlength=\"200\" autocomplete=\"off\"\n                    value=\"\"\n                \/><div class=\"wpcf7-response-output\" aria-hidden=\"true\"><\/div>\n<input\n                    class=\"apbct_special_field apbct_email_id__elementor_form\"\n                    name=\"apbct__email_id__elementor_form\"\n                    aria-label=\"apbct__label_id__elementor_form\"\n                    type=\"text\" size=\"30\" maxlength=\"200\" autocomplete=\"off\"\n                    value=\"\"\n                \/><input type=\"hidden\" name=\"trp-form-language\" value=\"it\"\/><\/form>\n<\/div>\n    <\/div>\n\t\t\t\t<\/div>\n\t\t\t\t<\/div>\n\t\t\t\t<\/div>\n\t\t<div class=\"elementor-element elementor-element-004983b e-con-full e-flex e-con e-child\" data-id=\"004983b\" data-element_type=\"container\" data-e-type=\"container\">\n\t\t\t\t<\/div>\n\t\t\t\t\t<\/div>\n\t\t\t\t<\/div>\n\t\t<div class=\"elementor-element elementor-element-2d8ba374 e-flex e-con-boxed e-con e-parent\" data-id=\"2d8ba374\" data-element_type=\"container\" data-e-type=\"container\" data-settings=\"{&quot;background_background&quot;:&quot;classic&quot;}\">\n\t\t\t\t\t<div class=\"e-con-inner\">\n\t\t<div class=\"elementor-element elementor-element-79c9ad54 e-con-full e-flex e-con e-child\" data-id=\"79c9ad54\" data-element_type=\"container\" data-e-type=\"container\">\n\t\t\t\t<\/div>\n\t\t<div class=\"elementor-element elementor-element-4bb0f4fe e-con-full e-flex e-con e-child\" data-id=\"4bb0f4fe\" data-element_type=\"container\" data-e-type=\"container\">\n\t\t\t\t<\/div>\n\t\t<div class=\"elementor-element elementor-element-5a6a7d48 e-con-full e-flex e-con e-child\" data-id=\"5a6a7d48\" data-element_type=\"container\" data-e-type=\"container\">\n\t\t\t\t<\/div>\n\t\t\t\t\t<\/div>\n\t\t\t\t<\/div>\n\t\t\t\t<\/div>","protected":false},"excerpt":{"rendered":"<p>Bonjour, je suis Camilla Petit. Pour les amis, CiPi. Italo-Belge bas\u00e9e \u00e0 Bruxelles depuis 2022, j\u2019ai compris,\u00a0apr\u00e8s de nombreuses ann\u00e9es pass\u00e9es \u00e0 la recherche du m\u00e9tier parfait, que le seul moyen de me sentir satisfaite \u00e9tait de travailler pour aider les autres dans quelque chose&#8230;<\/p>","protected":false},"author":1,"featured_media":0,"parent":0,"menu_order":0,"comment_status":"closed","ping_status":"closed","template":"elementor_header_footer","meta":{"om_disable_all_campaigns":false,"_monsterinsights_skip_tracking":false,"_monsterinsights_sitenote_active":false,"_monsterinsights_sitenote_note":"","_monsterinsights_sitenote_category":0,"_uf_show_specific_survey":0,"_uf_disable_surveys":false,"footnotes":""},"class_list":["post-13","page","type-page","status-publish","hentry"],"aioseo_notices":[],"jetpack_sharing_enabled":true,"_links":{"self":[{"href":"https:\/\/cipicromie.com\/it\/wp-json\/wp\/v2\/pages\/13","targetHints":{"allow":["GET"]}}],"collection":[{"href":"https:\/\/cipicromie.com\/it\/wp-json\/wp\/v2\/pages"}],"about":[{"href":"https:\/\/cipicromie.com\/it\/wp-json\/wp\/v2\/types\/page"}],"author":[{"embeddable":true,"href":"https:\/\/cipicromie.com\/it\/wp-json\/wp\/v2\/users\/1"}],"replies":[{"embeddable":true,"href":"https:\/\/cipicromie.com\/it\/wp-json\/wp\/v2\/comments?post=13"}],"version-history":[{"count":78,"href":"https:\/\/cipicromie.com\/it\/wp-json\/wp\/v2\/pages\/13\/revisions"}],"predecessor-version":[{"id":637,"href":"https:\/\/cipicromie.com\/it\/wp-json\/wp\/v2\/pages\/13\/revisions\/637"}],"wp:attachment":[{"href":"https:\/\/cipicromie.com\/it\/wp-json\/wp\/v2\/media?parent=13"}],"curies":[{"name":"wp","href":"https:\/\/api.w.org\/{rel}","templated":true}]}}