{"id":829,"date":"2025-11-10T14:55:48","date_gmt":"2025-11-10T14:55:48","guid":{"rendered":"https:\/\/cipicromie.com\/?post_type=product&#038;p=829"},"modified":"2025-11-19T17:44:13","modified_gmt":"2025-11-19T16:44:13","slug":"gift-card-le-trio-mes-couleurs-mon-visage-ma-silhouette","status":"publish","type":"product","link":"https:\/\/cipicromie.com\/en\/product\/gift-card-le-trio-mes-couleurs-mon-visage-ma-silhouette\/","title":{"rendered":"Gift Card &#8211; Le Trio &#8211; mes couleurs, mon visage, ma silhouette"},"content":{"rendered":"<p data-start=\"3307\" data-end=\"3621\">La <em data-start=\"3330\" data-end=\"3349\">carte cadeau Trio<\/em> rassemble les trois analyses : <strong data-start=\"3381\" data-end=\"3415\">couleurs, visage et silhouette<\/strong>.<br data-start=\"3416\" data-end=\"3419\" \/>Un accompagnement global pour mieux comprendre son image, apprendre \u00e0 valoriser ses atouts et cr\u00e9er un style unique, fid\u00e8le \u00e0 soi.<br data-start=\"3549\" data-end=\"3552\" \/>C\u2019est le cadeau parfait pour une transformation douce et positive !<\/p>\n<p data-start=\"3623\" data-end=\"3648\"><strong data-start=\"3623\" data-end=\"3646\">Ce qui est inclus :<\/strong><\/p>\n<ul data-start=\"3649\" data-end=\"3865\">\n<li data-start=\"3649\" data-end=\"3686\">\n<p data-start=\"3651\" data-end=\"3686\">Analyse des couleurs (colorim\u00e9trie)<\/p>\n<\/li>\n<li data-start=\"3687\" data-end=\"3724\">\n<p data-start=\"3689\" data-end=\"3724\">\u00c9tude de la morphologie du visage<\/p>\n<\/li>\n<li data-start=\"3725\" data-end=\"3780\">\n<p data-start=\"3727\" data-end=\"3780\">Analyse de la silhouette et conseils vestimentaires<\/p>\n<\/li>\n<li data-start=\"3781\" data-end=\"3814\">\n<p data-start=\"3783\" data-end=\"3814\">Dossier r\u00e9capitulatif complet<\/p>\n<\/li>\n<li data-start=\"3815\" data-end=\"3865\">\n<p data-start=\"3817\" data-end=\"3865\">Validit\u00e9 : 6 mois \u00e0 partir de la date d\u2019achat<\/p>\n<\/li>\n<\/ul>\n<p data-start=\"3867\" data-end=\"4005\"><strong data-start=\"3867\" data-end=\"3890\">Comment \u00e7a marche :<\/strong><br data-start=\"3890\" data-end=\"3893\" \/>La carte cadeau est envoy\u00e9e par e-mail, pr\u00eate \u00e0 offrir.<br data-start=\"3948\" data-end=\"3951\" \/>La personne peut planifier ses s\u00e9ances \u00e0 son rythme.<\/p>","protected":false},"excerpt":{"rendered":"<p>L\u2019exp\u00e9rience compl\u00e8te pour mieux se conna\u00eetre et rayonner.<\/p>","protected":false},"featured_media":861,"template":"","meta":{"om_disable_all_campaigns":false,"_monsterinsights_skip_tracking":false,"_monsterinsights_sitenote_active":false,"_monsterinsights_sitenote_note":"","_monsterinsights_sitenote_category":0,"_uf_show_specific_survey":0,"_uf_disable_surveys":false},"product_brand":[],"product_cat":[25],"product_tag":[],"class_list":{"0":"post-829","1":"product","2":"type-product","3":"status-publish","4":"has-post-thumbnail","6":"product_cat-gift-card","8":"first","9":"instock","10":"virtual","11":"taxable","12":"purchasable","13":"product-type-simple"},"aioseo_notices":[],"jetpack_sharing_enabled":true,"_links":{"self":[{"href":"https:\/\/cipicromie.com\/en\/wp-json\/wp\/v2\/product\/829","targetHints":{"allow":["GET"]}}],"collection":[{"href":"https:\/\/cipicromie.com\/en\/wp-json\/wp\/v2\/product"}],"about":[{"href":"https:\/\/cipicromie.com\/en\/wp-json\/wp\/v2\/types\/product"}],"wp:featuredmedia":[{"embeddable":true,"href":"https:\/\/cipicromie.com\/en\/wp-json\/wp\/v2\/media\/861"}],"wp:attachment":[{"href":"https:\/\/cipicromie.com\/en\/wp-json\/wp\/v2\/media?parent=829"}],"wp:term":[{"taxonomy":"product_brand","embeddable":true,"href":"https:\/\/cipicromie.com\/en\/wp-json\/wp\/v2\/product_brand?post=829"},{"taxonomy":"product_cat","embeddable":true,"href":"https:\/\/cipicromie.com\/en\/wp-json\/wp\/v2\/product_cat?post=829"},{"taxonomy":"product_tag","embeddable":true,"href":"https:\/\/cipicromie.com\/en\/wp-json\/wp\/v2\/product_tag?post=829"}],"curies":[{"name":"wp","href":"https:\/\/api.w.org\/{rel}","templated":true}]}}