{"id":823,"date":"2025-11-10T14:36:33","date_gmt":"2025-11-10T14:36:33","guid":{"rendered":"https:\/\/cipicromie.com\/?post_type=product&#038;p=823"},"modified":"2025-11-19T17:48:47","modified_gmt":"2025-11-19T16:48:47","slug":"combo-mes-couleurs-ma-silhouette-2","status":"publish","type":"product","link":"https:\/\/cipicromie.com\/en\/product\/combo-mes-couleurs-ma-silhouette-2\/","title":{"rendered":"Gift Card &#8211; Combo mes couleurs + ma silhouette"},"content":{"rendered":"<p data-start=\"688\" data-end=\"1010\">Cette <em data-start=\"714\" data-end=\"728\">carte cadeau<\/em> combine deux analyses essentielles : ta <strong data-start=\"770\" data-end=\"784\">colorim\u00e9trie<\/strong>\u00a0et ta <strong data-start=\"791\" data-end=\"815\">morphologie du corps<\/strong>.<br data-start=\"816\" data-end=\"819\" \/>Une exp\u00e9rience compl\u00e8te pour apprendre \u00e0 choisir les teintes qui illuminent ton visage et les v\u00eatements qui subliment ta silhouette.<br data-start=\"951\" data-end=\"954\" \/>Un cadeau bienveillant, pratique et 100 % valorisant !<\/p>\n<p data-start=\"1012\" data-end=\"1037\"><strong data-start=\"1012\" data-end=\"1035\">Ce qui est inclus :<\/strong><\/p>\n<ul data-start=\"1038\" data-end=\"1290\">\n<li data-start=\"1038\" data-end=\"1089\">\n<p data-start=\"1040\" data-end=\"1089\">Analyse personnalis\u00e9e des couleurs (armocromie)<\/p>\n<\/li>\n<li data-start=\"1090\" data-end=\"1126\">\n<p data-start=\"1092\" data-end=\"1126\">\u00c9tude de la morphologie du corps<\/p>\n<\/li>\n<li data-start=\"1127\" data-end=\"1192\">\n<p data-start=\"1129\" data-end=\"1192\">Conseils vestimentaires adapt\u00e9s \u00e0 ta palette et ta silhouette<\/p>\n<\/li>\n<li data-start=\"1193\" data-end=\"1239\">\n<p data-start=\"1195\" data-end=\"1239\">Fiche r\u00e9capitulative \u00e0 garder sous la main<\/p>\n<\/li>\n<li data-start=\"1240\" data-end=\"1290\">\n<p data-start=\"1242\" data-end=\"1290\">Validit\u00e9 : 6 mois \u00e0 partir de la date d\u2019achat<\/p>\n<\/li>\n<\/ul>\n<p data-start=\"1292\" data-end=\"1447\"><strong data-start=\"1292\" data-end=\"1315\">Comment \u00e7a marche :<\/strong><br data-start=\"1315\" data-end=\"1318\" \/>La carte cadeau est envoy\u00e9e par e-mail, pr\u00eate \u00e0 \u00eatre offerte.<br data-start=\"1379\" data-end=\"1382\" \/>La personne pourra r\u00e9server ses s\u00e9ances quand elle le souhaite.<\/p>","protected":false},"excerpt":{"rendered":"<p>D\u00e9couvrir les couleurs et les coupes qui te mettent vraiment en valeur.<\/p>","protected":false},"featured_media":863,"template":"","meta":{"om_disable_all_campaigns":false,"_monsterinsights_skip_tracking":false,"_monsterinsights_sitenote_active":false,"_monsterinsights_sitenote_note":"","_monsterinsights_sitenote_category":0,"_uf_show_specific_survey":0,"_uf_disable_surveys":false},"product_brand":[],"product_cat":[25],"product_tag":[],"class_list":{"0":"post-823","1":"product","2":"type-product","3":"status-publish","4":"has-post-thumbnail","6":"product_cat-gift-card","8":"first","9":"instock","10":"virtual","11":"taxable","12":"purchasable","13":"product-type-simple"},"aioseo_notices":[],"jetpack_sharing_enabled":true,"_links":{"self":[{"href":"https:\/\/cipicromie.com\/en\/wp-json\/wp\/v2\/product\/823","targetHints":{"allow":["GET"]}}],"collection":[{"href":"https:\/\/cipicromie.com\/en\/wp-json\/wp\/v2\/product"}],"about":[{"href":"https:\/\/cipicromie.com\/en\/wp-json\/wp\/v2\/types\/product"}],"wp:featuredmedia":[{"embeddable":true,"href":"https:\/\/cipicromie.com\/en\/wp-json\/wp\/v2\/media\/863"}],"wp:attachment":[{"href":"https:\/\/cipicromie.com\/en\/wp-json\/wp\/v2\/media?parent=823"}],"wp:term":[{"taxonomy":"product_brand","embeddable":true,"href":"https:\/\/cipicromie.com\/en\/wp-json\/wp\/v2\/product_brand?post=823"},{"taxonomy":"product_cat","embeddable":true,"href":"https:\/\/cipicromie.com\/en\/wp-json\/wp\/v2\/product_cat?post=823"},{"taxonomy":"product_tag","embeddable":true,"href":"https:\/\/cipicromie.com\/en\/wp-json\/wp\/v2\/product_tag?post=823"}],"curies":[{"name":"wp","href":"https:\/\/api.w.org\/{rel}","templated":true}]}}