{"id":815,"date":"2025-11-10T14:15:12","date_gmt":"2025-11-10T14:15:12","guid":{"rendered":"https:\/\/cipicromie.com\/?post_type=product&#038;p=815"},"modified":"2025-11-19T17:50:56","modified_gmt":"2025-11-19T16:50:56","slug":"gift-card-ma-silhouette","status":"publish","type":"product","link":"https:\/\/cipicromie.com\/en\/product\/gift-card-ma-silhouette\/","title":{"rendered":"Gift Card &#8211; ma silhouette"},"content":{"rendered":"<p data-start=\"2321\" data-end=\"2604\">La <em data-start=\"2344\" data-end=\"2379\">carte cadeau Ma silhouette<\/em>\u00a0aide \u00e0 mieux comprendre sa silhouette et \u00e0 choisir les coupes, mati\u00e8res et proportions qui la mettent en valeur.<br data-start=\"2492\" data-end=\"2495\" \/>Une belle fa\u00e7on d\u2019apprendre \u00e0 s\u2019habiller selon soi, sans diktats, sans jugement, juste avec bienveillance.<\/p>\n<p data-start=\"2606\" data-end=\"2631\"><strong data-start=\"2606\" data-end=\"2629\">Ce qui est inclus :<\/strong><\/p>\n<ul data-start=\"2632\" data-end=\"2826\">\n<li data-start=\"2632\" data-end=\"2680\">\n<p data-start=\"2634\" data-end=\"2680\">Analyse de la morphologie et des proportions<\/p>\n<\/li>\n<li data-start=\"2681\" data-end=\"2722\">\n<p data-start=\"2683\" data-end=\"2722\">Conseils vestimentaires personnalis\u00e9s<\/p>\n<\/li>\n<li data-start=\"2723\" data-end=\"2775\">\n<p data-start=\"2725\" data-end=\"2775\">Fiche r\u00e9capitulative pour s\u2019y r\u00e9f\u00e9rer facilement<\/p>\n<\/li>\n<li data-start=\"2776\" data-end=\"2826\">\n<p data-start=\"2778\" data-end=\"2826\">Validit\u00e9 : 6 mois \u00e0 partir de la date d\u2019achat<\/p>\n<\/li>\n<\/ul>\n<p data-start=\"2828\" data-end=\"3000\"><strong data-start=\"2828\" data-end=\"2851\">Comment \u00e7a marche :<\/strong><br data-start=\"2851\" data-end=\"2854\" \/>Apr\u00e8s l\u2019achat, la carte cadeau est envoy\u00e9e par e-mail.<br data-start=\"2908\" data-end=\"2911\" \/>Le b\u00e9n\u00e9ficiaire pourra me contacter pour r\u00e9server sa s\u00e9ance \u00e0 la date qui lui convient.<\/p>","protected":false},"excerpt":{"rendered":"<p>Le cadeau parfait pour apprendre \u00e0 aimer sa silhouette.<\/p>","protected":false},"featured_media":858,"template":"","meta":{"om_disable_all_campaigns":false,"_monsterinsights_skip_tracking":false,"_monsterinsights_sitenote_active":false,"_monsterinsights_sitenote_note":"","_monsterinsights_sitenote_category":0,"_uf_show_specific_survey":0,"_uf_disable_surveys":false},"product_brand":[],"product_cat":[25],"product_tag":[],"class_list":{"0":"post-815","1":"product","2":"type-product","3":"status-publish","4":"has-post-thumbnail","6":"product_cat-gift-card","8":"first","9":"instock","10":"virtual","11":"taxable","12":"purchasable","13":"product-type-simple"},"aioseo_notices":[],"jetpack_sharing_enabled":true,"_links":{"self":[{"href":"https:\/\/cipicromie.com\/en\/wp-json\/wp\/v2\/product\/815","targetHints":{"allow":["GET"]}}],"collection":[{"href":"https:\/\/cipicromie.com\/en\/wp-json\/wp\/v2\/product"}],"about":[{"href":"https:\/\/cipicromie.com\/en\/wp-json\/wp\/v2\/types\/product"}],"wp:featuredmedia":[{"embeddable":true,"href":"https:\/\/cipicromie.com\/en\/wp-json\/wp\/v2\/media\/858"}],"wp:attachment":[{"href":"https:\/\/cipicromie.com\/en\/wp-json\/wp\/v2\/media?parent=815"}],"wp:term":[{"taxonomy":"product_brand","embeddable":true,"href":"https:\/\/cipicromie.com\/en\/wp-json\/wp\/v2\/product_brand?post=815"},{"taxonomy":"product_cat","embeddable":true,"href":"https:\/\/cipicromie.com\/en\/wp-json\/wp\/v2\/product_cat?post=815"},{"taxonomy":"product_tag","embeddable":true,"href":"https:\/\/cipicromie.com\/en\/wp-json\/wp\/v2\/product_tag?post=815"}],"curies":[{"name":"wp","href":"https:\/\/api.w.org\/{rel}","templated":true}]}}