{"id":813,"date":"2025-11-10T14:08:55","date_gmt":"2025-11-10T14:08:55","guid":{"rendered":"https:\/\/cipicromie.com\/?post_type=product&#038;p=813"},"modified":"2025-11-19T17:52:12","modified_gmt":"2025-11-19T16:52:12","slug":"gift-card-mes-couleurs","status":"publish","type":"product","link":"https:\/\/cipicromie.com\/en\/product\/gift-card-mes-couleurs\/","title":{"rendered":"Gift Card &#8211; mes couleurs"},"content":{"rendered":"<p data-start=\"398\" data-end=\"810\">La <em data-start=\"421\" data-end=\"446\">carte cadeau Mes couleurs<\/em> est le pr\u00e9sent parfait pour toute personne qui souhaite mieux se conna\u00eetre et r\u00e9v\u00e9ler sa lumi\u00e8re naturelle.<br data-start=\"554\" data-end=\"557\" \/>Gr\u00e2ce \u00e0 cette s\u00e9ance, la personne d\u00e9couvrira sa saison de couleurs et apprendra \u00e0 choisir les teintes qui mettent en valeur son teint, ses yeux et ses cheveux.<br data-start=\"751\" data-end=\"754\" \/>Un cadeau original, bienveillant et utile au quotidien !<\/p>\n<p data-start=\"812\" data-end=\"837\"><strong data-start=\"812\" data-end=\"835\">Ce qui est inclus :<\/strong><\/p>\n<ul data-start=\"838\" data-end=\"1082\">\n<li data-start=\"838\" data-end=\"917\">\n<p data-start=\"840\" data-end=\"917\">Analyse de la palette de couleurs personnalis\u00e9e<\/p>\n<\/li>\n<li data-start=\"918\" data-end=\"968\">\n<p data-start=\"920\" data-end=\"968\">Palette couleurs physique<\/p>\n<\/li>\n<li data-start=\"969\" data-end=\"1031\">\n<p data-start=\"971\" data-end=\"1031\">Conseils pratiques pour utiliser ses couleurs au quotidien<\/p>\n<\/li>\n<li data-start=\"1032\" data-end=\"1082\">\n<p data-start=\"1034\" data-end=\"1082\">Validit\u00e9 : 6 mois \u00e0 partir de la date d\u2019achat<\/p>\n<\/li>\n<\/ul>\n<p data-start=\"1084\" data-end=\"1316\"><strong data-start=\"1084\" data-end=\"1107\">Comment \u00e7a marche :<\/strong><br data-start=\"1107\" data-end=\"1110\" \/>Apr\u00e8s votre achat, vous recevrez la carte cadeau par e-mail, pr\u00eate \u00e0 \u00eatre imprim\u00e9e ou envoy\u00e9e \u00e0 la personne de votre choix.<br data-start=\"1233\" data-end=\"1236\" \/>Le b\u00e9n\u00e9ficiaire pourra ensuite me contacter librement pour r\u00e9server sa s\u00e9ance.<\/p>","protected":false},"excerpt":{"rendered":"<p>Offrez une exp\u00e9rience unique pour d\u00e9couvrir ses couleurs id\u00e9ales.<\/p>","protected":false},"featured_media":859,"template":"","meta":{"om_disable_all_campaigns":false,"_monsterinsights_skip_tracking":false,"_monsterinsights_sitenote_active":false,"_monsterinsights_sitenote_note":"","_monsterinsights_sitenote_category":0,"_uf_show_specific_survey":0,"_uf_disable_surveys":false},"product_brand":[],"product_cat":[25],"product_tag":[],"class_list":{"0":"post-813","1":"product","2":"type-product","3":"status-publish","4":"has-post-thumbnail","6":"product_cat-gift-card","8":"first","9":"instock","10":"virtual","11":"taxable","12":"purchasable","13":"product-type-simple"},"aioseo_notices":[],"jetpack_sharing_enabled":true,"_links":{"self":[{"href":"https:\/\/cipicromie.com\/en\/wp-json\/wp\/v2\/product\/813","targetHints":{"allow":["GET"]}}],"collection":[{"href":"https:\/\/cipicromie.com\/en\/wp-json\/wp\/v2\/product"}],"about":[{"href":"https:\/\/cipicromie.com\/en\/wp-json\/wp\/v2\/types\/product"}],"wp:featuredmedia":[{"embeddable":true,"href":"https:\/\/cipicromie.com\/en\/wp-json\/wp\/v2\/media\/859"}],"wp:attachment":[{"href":"https:\/\/cipicromie.com\/en\/wp-json\/wp\/v2\/media?parent=813"}],"wp:term":[{"taxonomy":"product_brand","embeddable":true,"href":"https:\/\/cipicromie.com\/en\/wp-json\/wp\/v2\/product_brand?post=813"},{"taxonomy":"product_cat","embeddable":true,"href":"https:\/\/cipicromie.com\/en\/wp-json\/wp\/v2\/product_cat?post=813"},{"taxonomy":"product_tag","embeddable":true,"href":"https:\/\/cipicromie.com\/en\/wp-json\/wp\/v2\/product_tag?post=813"}],"curies":[{"name":"wp","href":"https:\/\/api.w.org\/{rel}","templated":true}]}}