{"id":809,"date":"2025-10-16T14:45:46","date_gmt":"2025-10-16T14:45:46","guid":{"rendered":"https:\/\/cipicromie.com\/?post_type=product&#038;p=809"},"modified":"2025-11-20T12:00:34","modified_gmt":"2025-11-20T11:00:35","slug":"le-trio-mes-couleurs-mon-visage-ma-silhouette","status":"publish","type":"product","link":"https:\/\/cipicromie.com\/en\/product\/le-trio-mes-couleurs-mon-visage-ma-silhouette\/","title":{"rendered":"Combo le trio &#8211; mes couleurs, mon visage, ma silhouette"},"content":{"rendered":"<p>L\u2019analyse compl\u00e8te pour r\u00e9v\u00e9ler votre beaut\u00e9 naturelle sous toutes ses dimensions.<br data-start=\"1215\" data-end=\"1218\" \/>Couleurs, formes et proportions : tout est \u00e9tudi\u00e9 pour cr\u00e9er votre style parfaitement harmonieux.<br data-start=\"1317\" data-end=\"1320\" \/>Une fois l\u2019analyse faite, vous recevrez : un dossier global avec recommandations personnalis\u00e9es pour une image coh\u00e9rente et affirm\u00e9e.<\/p>","protected":false},"excerpt":{"rendered":"<p>L\u2019analyse compl\u00e8te pour r\u00e9v\u00e9ler votre beaut\u00e9 naturelle sous toutes ses dimensions.<\/p>","protected":false},"featured_media":893,"template":"","meta":{"om_disable_all_campaigns":false,"_monsterinsights_skip_tracking":false,"_monsterinsights_sitenote_active":false,"_monsterinsights_sitenote_note":"","_monsterinsights_sitenote_category":0,"_uf_show_specific_survey":0,"_uf_disable_surveys":false},"product_brand":[],"product_cat":[24],"product_tag":[],"class_list":{"0":"post-809","1":"product","2":"type-product","3":"status-publish","4":"has-post-thumbnail","6":"product_cat-consultations","8":"first","9":"instock","10":"taxable","11":"shipping-taxable","12":"purchasable","13":"product-type-simple"},"aioseo_notices":[],"jetpack_sharing_enabled":true,"_links":{"self":[{"href":"https:\/\/cipicromie.com\/en\/wp-json\/wp\/v2\/product\/809","targetHints":{"allow":["GET"]}}],"collection":[{"href":"https:\/\/cipicromie.com\/en\/wp-json\/wp\/v2\/product"}],"about":[{"href":"https:\/\/cipicromie.com\/en\/wp-json\/wp\/v2\/types\/product"}],"wp:featuredmedia":[{"embeddable":true,"href":"https:\/\/cipicromie.com\/en\/wp-json\/wp\/v2\/media\/893"}],"wp:attachment":[{"href":"https:\/\/cipicromie.com\/en\/wp-json\/wp\/v2\/media?parent=809"}],"wp:term":[{"taxonomy":"product_brand","embeddable":true,"href":"https:\/\/cipicromie.com\/en\/wp-json\/wp\/v2\/product_brand?post=809"},{"taxonomy":"product_cat","embeddable":true,"href":"https:\/\/cipicromie.com\/en\/wp-json\/wp\/v2\/product_cat?post=809"},{"taxonomy":"product_tag","embeddable":true,"href":"https:\/\/cipicromie.com\/en\/wp-json\/wp\/v2\/product_tag?post=809"}],"curies":[{"name":"wp","href":"https:\/\/api.w.org\/{rel}","templated":true}]}}