{"id":807,"date":"2025-10-16T14:39:47","date_gmt":"2025-10-16T14:39:47","guid":{"rendered":"https:\/\/cipicromie.com\/?post_type=product&#038;p=807"},"modified":"2025-11-20T11:42:29","modified_gmt":"2025-11-20T10:42:29","slug":"combo-mon-visage-ma-solhouette","status":"publish","type":"product","link":"https:\/\/cipicromie.com\/en\/product\/combo-mon-visage-ma-solhouette\/","title":{"rendered":"Combo mon visage + ma silhouette"},"content":{"rendered":"<p>Apprenez \u00e0 \u00e9quilibrer vos lignes, du visage \u00e0 la silhouette.<br data-start=\"956\" data-end=\"959\" \/>Des conseils pr\u00e9cis pour choisir les formes, coupes et styles qui refl\u00e8tent votre personnalit\u00e9.<\/p>","protected":false},"excerpt":{"rendered":"<p>Apprenez \u00e0 \u00e9quilibrer vos lignes, du visage \u00e0 la silhouette.<\/p>","protected":false},"featured_media":890,"template":"","meta":{"om_disable_all_campaigns":false,"_monsterinsights_skip_tracking":false,"_monsterinsights_sitenote_active":false,"_monsterinsights_sitenote_note":"","_monsterinsights_sitenote_category":0,"_uf_show_specific_survey":0,"_uf_disable_surveys":false},"product_brand":[],"product_cat":[24],"product_tag":[],"class_list":{"0":"post-807","1":"product","2":"type-product","3":"status-publish","4":"has-post-thumbnail","6":"product_cat-consultations","8":"first","9":"instock","10":"virtual","11":"taxable","12":"purchasable","13":"product-type-simple"},"aioseo_notices":[],"jetpack_sharing_enabled":true,"_links":{"self":[{"href":"https:\/\/cipicromie.com\/en\/wp-json\/wp\/v2\/product\/807","targetHints":{"allow":["GET"]}}],"collection":[{"href":"https:\/\/cipicromie.com\/en\/wp-json\/wp\/v2\/product"}],"about":[{"href":"https:\/\/cipicromie.com\/en\/wp-json\/wp\/v2\/types\/product"}],"wp:featuredmedia":[{"embeddable":true,"href":"https:\/\/cipicromie.com\/en\/wp-json\/wp\/v2\/media\/890"}],"wp:attachment":[{"href":"https:\/\/cipicromie.com\/en\/wp-json\/wp\/v2\/media?parent=807"}],"wp:term":[{"taxonomy":"product_brand","embeddable":true,"href":"https:\/\/cipicromie.com\/en\/wp-json\/wp\/v2\/product_brand?post=807"},{"taxonomy":"product_cat","embeddable":true,"href":"https:\/\/cipicromie.com\/en\/wp-json\/wp\/v2\/product_cat?post=807"},{"taxonomy":"product_tag","embeddable":true,"href":"https:\/\/cipicromie.com\/en\/wp-json\/wp\/v2\/product_tag?post=807"}],"curies":[{"name":"wp","href":"https:\/\/api.w.org\/{rel}","templated":true}]}}