{"id":803,"date":"2025-10-16T14:05:37","date_gmt":"2025-10-16T14:05:37","guid":{"rendered":"https:\/\/cipicromie.com\/?post_type=product&#038;p=803"},"modified":"2025-11-20T11:50:24","modified_gmt":"2025-11-20T10:50:24","slug":"combo-mes-couleurs-ma-silhouette","status":"publish","type":"product","link":"https:\/\/cipicromie.com\/en\/product\/combo-mes-couleurs-ma-silhouette\/","title":{"rendered":"Combo mes couleurs + ma silhouette"},"content":{"rendered":"<p>D\u00e9couvrez les couleurs et les coupes qui vous subliment naturellement.<br data-start=\"447\" data-end=\"450\" \/>Une double analyse compl\u00e8te pour harmoniser votre palette personnelle et votre silhouette.<br data-start=\"542\" data-end=\"545\" \/>Dossier personnalis\u00e9 + conseils sur mesure pour r\u00e9v\u00e9ler votre style unique.<\/p>","protected":false},"excerpt":{"rendered":"<p>D\u00e9couvrez les couleurs et les coupes qui vous subliment naturellement.<\/p>","protected":false},"featured_media":892,"template":"","meta":{"om_disable_all_campaigns":false,"_monsterinsights_skip_tracking":false,"_monsterinsights_sitenote_active":false,"_monsterinsights_sitenote_note":"","_monsterinsights_sitenote_category":0,"_uf_show_specific_survey":0,"_uf_disable_surveys":false},"product_brand":[],"product_cat":[24],"product_tag":[],"class_list":{"0":"post-803","1":"product","2":"type-product","3":"status-publish","4":"has-post-thumbnail","6":"product_cat-consultations","8":"first","9":"instock","10":"virtual","11":"taxable","12":"purchasable","13":"product-type-simple"},"aioseo_notices":[],"jetpack_sharing_enabled":true,"_links":{"self":[{"href":"https:\/\/cipicromie.com\/en\/wp-json\/wp\/v2\/product\/803","targetHints":{"allow":["GET"]}}],"collection":[{"href":"https:\/\/cipicromie.com\/en\/wp-json\/wp\/v2\/product"}],"about":[{"href":"https:\/\/cipicromie.com\/en\/wp-json\/wp\/v2\/types\/product"}],"wp:featuredmedia":[{"embeddable":true,"href":"https:\/\/cipicromie.com\/en\/wp-json\/wp\/v2\/media\/892"}],"wp:attachment":[{"href":"https:\/\/cipicromie.com\/en\/wp-json\/wp\/v2\/media?parent=803"}],"wp:term":[{"taxonomy":"product_brand","embeddable":true,"href":"https:\/\/cipicromie.com\/en\/wp-json\/wp\/v2\/product_brand?post=803"},{"taxonomy":"product_cat","embeddable":true,"href":"https:\/\/cipicromie.com\/en\/wp-json\/wp\/v2\/product_cat?post=803"},{"taxonomy":"product_tag","embeddable":true,"href":"https:\/\/cipicromie.com\/en\/wp-json\/wp\/v2\/product_tag?post=803"}],"curies":[{"name":"wp","href":"https:\/\/api.w.org\/{rel}","templated":true}]}}