{"id":175,"date":"2024-04-23T20:00:27","date_gmt":"2024-04-23T20:00:27","guid":{"rendered":"https:\/\/cipicromie.com\/?page_id=175"},"modified":"2024-08-07T13:15:48","modified_gmt":"2024-08-07T13:15:48","slug":"pour-qui","status":"publish","type":"page","link":"https:\/\/cipicromie.com\/en\/pour-qui\/","title":{"rendered":"Who's it for?"},"content":{"rendered":"<div data-elementor-type=\"wp-page\" data-elementor-id=\"175\" class=\"elementor elementor-175\">\n\t\t\t\t<div class=\"elementor-element elementor-element-51988c7 e-con-full elementor-hidden-tablet elementor-hidden-mobile e-flex e-con e-parent\" data-id=\"51988c7\" data-element_type=\"container\" data-e-type=\"container\" data-settings=\"{&quot;background_background&quot;:&quot;classic&quot;}\">\n\t\t<div class=\"elementor-element elementor-element-63b8a263 e-con-full e-flex e-con e-child\" data-id=\"63b8a263\" data-element_type=\"container\" data-e-type=\"container\">\n\t\t<div class=\"elementor-element elementor-element-bc65067 e-flex e-con-boxed e-con e-child\" data-id=\"bc65067\" data-element_type=\"container\" data-e-type=\"container\">\n\t\t\t\t\t<div class=\"e-con-inner\">\n\t\t\t\t<div class=\"elementor-element elementor-element-46f0fae8 elementor-widget elementor-widget-heading\" data-id=\"46f0fae8\" data-element_type=\"widget\" data-e-type=\"widget\" data-widget_type=\"heading.default\">\n\t\t\t\t<div class=\"elementor-widget-container\">\n\t\t\t\t\t<h2 class=\"elementor-heading-title elementor-size-default\">Who is an image consultancy aimed at? Is it necessary to be a fashion enthusiast?<\/h2>\t\t\t\t<\/div>\n\t\t\t\t<\/div>\n\t\t\t\t\t<\/div>\n\t\t\t\t<\/div>\n\t\t<div class=\"elementor-element elementor-element-3636b993 e-flex e-con-boxed e-con e-child\" data-id=\"3636b993\" data-element_type=\"container\" data-e-type=\"container\">\n\t\t\t\t\t<div class=\"e-con-inner\">\n\t\t\t\t<div class=\"elementor-element elementor-element-70272adc elementor-widget elementor-widget-text-editor\" data-id=\"70272adc\" data-element_type=\"widget\" data-e-type=\"widget\" data-widget_type=\"text-editor.default\">\n\t\t\t\t<div class=\"elementor-widget-container\">\n\t\t\t\t\t\t\t\t\t<div class=\"page\" title=\"Page 1\"><div class=\"layoutArea\"><div class=\"column\"><div class=\"page\" title=\"Page 1\"><div class=\"layoutArea\"><div class=\"column\"><p>Love for fashion is not required: we will discover the power of clothing, accessible to everyone.<\/p><p>I am here to accompany you on a journey of self-discovery and to help you boost your self-esteem. Yes, because simply by wearing the right colours and choosing the right cuts, you can look good without any extra effort, feel more confident, interact better with others and take advantage of the opportunities that come your way.<\/p><div class=\"page\" title=\"Page 1\"><div class=\"layoutArea\"><div class=\"column\"><p>This journey will not question your personal taste: instead, our research focuses on colours and shapes that objectively make you look your best.<\/p><\/div><\/div><\/div><\/div><\/div><\/div><\/div><\/div><\/div>\t\t\t\t\t\t\t\t<\/div>\n\t\t\t\t<\/div>\n\t\t\t\t<div class=\"elementor-element elementor-element-1da626cb elementor-widget elementor-widget-qbutton\" data-id=\"1da626cb\" data-element_type=\"widget\" data-e-type=\"widget\" data-widget_type=\"qbutton.default\">\n\t\t\t\t<div class=\"elementor-widget-container\">\n\t\t\t\t\t<a href=\"https:\/\/cipicromie.com\/en\/consultations\/\" target=\"_self\"  class=\"qbutton  medium\" style=\"font-size: 16px; \">consultations<\/a>\t\t\t\t<\/div>\n\t\t\t\t<\/div>\n\t\t\t\t\t<\/div>\n\t\t\t\t<\/div>\n\t\t\t\t<\/div>\n\t\t<div class=\"elementor-element elementor-element-673012c7 e-con-full e-flex e-con e-child\" data-id=\"673012c7\" data-element_type=\"container\" data-e-type=\"container\">\n\t\t\t\t<div class=\"elementor-element elementor-element-26e8336d elementor-widget elementor-widget-image\" data-id=\"26e8336d\" data-element_type=\"widget\" data-e-type=\"widget\" data-widget_type=\"image.default\">\n\t\t\t\t<div class=\"elementor-widget-container\">\n\t\t\t\t\t\t\t\t\t\t\t\t\t\t\t<img fetchpriority=\"high\" decoding=\"async\" width=\"768\" height=\"1024\" src=\"https:\/\/i0.wp.com\/cipicromie.com\/wp-content\/uploads\/2024\/05\/cipicromie-pour-qui-.png?fit=768%2C1024&amp;ssl=1\" class=\"attachment-large size-large wp-image-354\" alt=\"cipicromie-pour-qui\" srcset=\"https:\/\/i0.wp.com\/cipicromie.com\/wp-content\/uploads\/2024\/05\/cipicromie-pour-qui-.png?w=1200&amp;ssl=1 1200w, https:\/\/i0.wp.com\/cipicromie.com\/wp-content\/uploads\/2024\/05\/cipicromie-pour-qui-.png?resize=300%2C400&amp;ssl=1 300w, https:\/\/i0.wp.com\/cipicromie.com\/wp-content\/uploads\/2024\/05\/cipicromie-pour-qui-.png?resize=600%2C800&amp;ssl=1 600w\" sizes=\"(max-width: 768px) 100vw, 768px\" \/>\t\t\t\t\t\t\t\t\t\t\t\t\t\t\t<\/div>\n\t\t\t\t<\/div>\n\t\t\t\t<\/div>\n\t\t\t\t<\/div>\n\t\t<div class=\"elementor-element elementor-element-c7b5622 e-con-full elementor-hidden-desktop e-flex e-con e-parent\" data-id=\"c7b5622\" data-element_type=\"container\" data-e-type=\"container\" data-settings=\"{&quot;background_background&quot;:&quot;classic&quot;}\">\n\t\t<div class=\"elementor-element elementor-element-89222e2 e-con-full e-flex e-con e-child\" data-id=\"89222e2\" data-element_type=\"container\" data-e-type=\"container\">\n\t\t<div class=\"elementor-element elementor-element-f02fc29 e-flex e-con-boxed e-con e-child\" data-id=\"f02fc29\" data-element_type=\"container\" data-e-type=\"container\">\n\t\t\t\t\t<div class=\"e-con-inner\">\n\t\t<div class=\"elementor-element elementor-element-c167872 e-con-full e-flex e-con e-child\" data-id=\"c167872\" data-element_type=\"container\" data-e-type=\"container\">\n\t\t\t\t<div class=\"elementor-element elementor-element-8cac0a8 elementor-widget elementor-widget-image\" data-id=\"8cac0a8\" data-element_type=\"widget\" data-e-type=\"widget\" data-widget_type=\"image.default\">\n\t\t\t\t<div class=\"elementor-widget-container\">\n\t\t\t\t\t\t\t\t\t\t\t\t\t\t\t<img fetchpriority=\"high\" decoding=\"async\" width=\"768\" height=\"1024\" src=\"https:\/\/i0.wp.com\/cipicromie.com\/wp-content\/uploads\/2024\/05\/cipicromie-pour-qui-.png?fit=768%2C1024&amp;ssl=1\" class=\"attachment-large size-large wp-image-354\" alt=\"cipicromie-pour-qui\" srcset=\"https:\/\/i0.wp.com\/cipicromie.com\/wp-content\/uploads\/2024\/05\/cipicromie-pour-qui-.png?w=1200&amp;ssl=1 1200w, https:\/\/i0.wp.com\/cipicromie.com\/wp-content\/uploads\/2024\/05\/cipicromie-pour-qui-.png?resize=300%2C400&amp;ssl=1 300w, https:\/\/i0.wp.com\/cipicromie.com\/wp-content\/uploads\/2024\/05\/cipicromie-pour-qui-.png?resize=600%2C800&amp;ssl=1 600w\" sizes=\"(max-width: 768px) 100vw, 768px\" \/>\t\t\t\t\t\t\t\t\t\t\t\t\t\t\t<\/div>\n\t\t\t\t<\/div>\n\t\t\t\t<\/div>\n\t\t\t\t<div class=\"elementor-element elementor-element-38054a4 elementor-widget elementor-widget-heading\" data-id=\"38054a4\" data-element_type=\"widget\" data-e-type=\"widget\" data-widget_type=\"heading.default\">\n\t\t\t\t<div class=\"elementor-widget-container\">\n\t\t\t\t\t<h2 class=\"elementor-heading-title elementor-size-default\">Who is an image consultancy aimed at? Is it necessary to be a fashion enthusiast?<\/h2>\t\t\t\t<\/div>\n\t\t\t\t<\/div>\n\t\t\t\t\t<\/div>\n\t\t\t\t<\/div>\n\t\t<div class=\"elementor-element elementor-element-ea66080 e-flex e-con-boxed e-con e-child\" data-id=\"ea66080\" data-element_type=\"container\" data-e-type=\"container\">\n\t\t\t\t\t<div class=\"e-con-inner\">\n\t\t\t\t<div class=\"elementor-element elementor-element-ac0e277 elementor-widget elementor-widget-text-editor\" data-id=\"ac0e277\" data-element_type=\"widget\" data-e-type=\"widget\" data-widget_type=\"text-editor.default\">\n\t\t\t\t<div class=\"elementor-widget-container\">\n\t\t\t\t\t\t\t\t\t<div class=\"page\" title=\"Page 1\"><div class=\"layoutArea\"><div class=\"column\"><div class=\"page\" title=\"Page 1\"><div class=\"layoutArea\"><div class=\"column\"><p>Love for fashion is not required: we will discover the power of clothing, accessible to everyone.<\/p><p>I am here to accompany you on a journey of self-discovery and to help you boost your self-esteem. Yes, because simply by wearing the right colours and choosing the right cuts, you can look good without any extra effort, feel more confident, interact better with others and take advantage of the opportunities that come your way.<\/p><div class=\"page\" title=\"Page 1\"><div class=\"layoutArea\"><div class=\"column\"><p>This journey will not question your personal taste: instead, our research focuses on colours and shapes that objectively make you look your best.<\/p><\/div><\/div><\/div><\/div><\/div><\/div><\/div><\/div><\/div>\t\t\t\t\t\t\t\t<\/div>\n\t\t\t\t<\/div>\n\t\t\t\t<div class=\"elementor-element elementor-element-d94724b elementor-widget elementor-widget-qbutton\" data-id=\"d94724b\" data-element_type=\"widget\" data-e-type=\"widget\" data-widget_type=\"qbutton.default\">\n\t\t\t\t<div class=\"elementor-widget-container\">\n\t\t\t\t\t<a href=\"https:\/\/cipicromie.com\/en\/consultations\/\" target=\"_self\"  class=\"qbutton  medium\" style=\"font-size: 16px; \">consultations<\/a>\t\t\t\t<\/div>\n\t\t\t\t<\/div>\n\t\t\t\t\t<\/div>\n\t\t\t\t<\/div>\n\t\t\t\t<\/div>\n\t\t\t\t<\/div>\n\t\t<div class=\"elementor-element elementor-element-4091458a e-flex e-con-boxed e-con e-parent\" data-id=\"4091458a\" data-element_type=\"container\" data-e-type=\"container\" data-settings=\"{&quot;background_background&quot;:&quot;classic&quot;}\">\n\t\t\t\t\t<div class=\"e-con-inner\">\n\t\t<div class=\"elementor-element elementor-element-2aa83aa7 e-con-full e-flex e-con e-child\" data-id=\"2aa83aa7\" data-element_type=\"container\" data-e-type=\"container\">\n\t\t\t\t<\/div>\n\t\t<div class=\"elementor-element elementor-element-130ace63 e-con-full e-flex e-con e-child\" data-id=\"130ace63\" data-element_type=\"container\" data-e-type=\"container\">\n\t\t\t\t<div class=\"elementor-element elementor-element-5be60f35 elementor-widget elementor-widget-heading\" data-id=\"5be60f35\" data-element_type=\"widget\" data-e-type=\"widget\" data-widget_type=\"heading.default\">\n\t\t\t\t<div class=\"elementor-widget-container\">\n\t\t\t\t\t<h2 class=\"elementor-heading-title elementor-size-default\">book your session<\/h2>\t\t\t\t<\/div>\n\t\t\t\t<\/div>\n\t\t\t\t<div class=\"elementor-element elementor-element-63a4689 elementor-widget elementor-widget-text-editor\" data-id=\"63a4689\" data-element_type=\"widget\" data-e-type=\"widget\" data-widget_type=\"text-editor.default\">\n\t\t\t\t<div class=\"elementor-widget-container\">\n\t\t\t\t\t\t\t\t\t<p>Use the form to get in touch and book a consultation. If you are unsure which consultation is best for you or have any questions for me, you can book a discovery call.<\/p><p>(Don't hesitate to check your SPAM if after a few days you don't have any answers in your main inbox)<\/p>\t\t\t\t\t\t\t\t<\/div>\n\t\t\t\t<\/div>\n\t\t\t\t<\/div>\n\t\t<div class=\"elementor-element elementor-element-3c32ce00 e-con-full e-flex e-con e-child\" data-id=\"3c32ce00\" data-element_type=\"container\" data-e-type=\"container\">\n\t\t\t\t<\/div>\n\t\t\t\t\t<\/div>\n\t\t\t\t<\/div>\n\t\t<div class=\"elementor-element elementor-element-6054acd2 e-flex e-con-boxed e-con e-parent\" data-id=\"6054acd2\" data-element_type=\"container\" data-e-type=\"container\" data-settings=\"{&quot;background_background&quot;:&quot;classic&quot;}\">\n\t\t\t\t\t<div class=\"e-con-inner\">\n\t\t<div class=\"elementor-element elementor-element-68435205 e-con-full e-flex e-con e-child\" data-id=\"68435205\" data-element_type=\"container\" data-e-type=\"container\">\n\t\t\t\t<\/div>\n\t\t<div class=\"elementor-element elementor-element-2db5b562 e-con-full e-flex e-con e-child\" data-id=\"2db5b562\" data-element_type=\"container\" data-e-type=\"container\">\n\t\t\t\t<div class=\"elementor-element elementor-element-461a2f3b dex-contact elementor-widget elementor-widget-text-editor\" data-id=\"461a2f3b\" data-element_type=\"widget\" data-e-type=\"widget\" data-widget_type=\"text-editor.default\">\n\t\t\t\t<div class=\"elementor-widget-container\">\n\t\t\t\t\t\t\t\t\t<p>\n<div class=\"wpcf7 no-js\" id=\"wpcf7-f100-o1\" lang=\"fr-FR\" dir=\"ltr\" data-wpcf7-id=\"100\">\n<div class=\"screen-reader-response\"><p role=\"status\" aria-live=\"polite\" aria-atomic=\"true\"><\/p> <ul><\/ul><\/div>\n<form action=\"\/en\/wp-json\/wp\/v2\/pages\/175#wpcf7-f100-o1\" method=\"post\" class=\"wpcf7-form init\" aria-label=\"Formulaire de contact\" novalidate=\"novalidate\" data-status=\"init\" data-trp-original-action=\"\/en\/wp-json\/wp\/v2\/pages\/175#wpcf7-f100-o1\">\n<fieldset class=\"hidden-fields-container\"><input type=\"hidden\" name=\"_wpcf7\" value=\"100\" \/><input type=\"hidden\" name=\"_wpcf7_version\" value=\"6.1.5\" \/><input type=\"hidden\" name=\"_wpcf7_locale\" value=\"fr_FR\" \/><input type=\"hidden\" name=\"_wpcf7_unit_tag\" value=\"wpcf7-f100-o1\" \/><input type=\"hidden\" name=\"_wpcf7_container_post\" value=\"0\" \/><input type=\"hidden\" name=\"_wpcf7_posted_data_hash\" value=\"\" \/>\n<\/fieldset>\n<label> Name*\n    <span class=\"wpcf7-form-control-wrap\" data-name=\"your-name\"><input size=\"40\" maxlength=\"400\" class=\"wpcf7-form-control wpcf7-text wpcf7-validates-as-required\" autocomplete=\"name\" aria-required=\"true\" aria-invalid=\"false\" value=\"\" type=\"text\" name=\"your-name\" \/><\/span> <\/label>\n\n<label> E-mail*\n    <span class=\"wpcf7-form-control-wrap\" data-name=\"your-email\"><input size=\"40\" maxlength=\"400\" class=\"wpcf7-form-control wpcf7-email wpcf7-validates-as-required wpcf7-text wpcf7-validates-as-email\" autocomplete=\"email\" aria-required=\"true\" aria-invalid=\"false\" value=\"\" type=\"email\" name=\"your-email\" \/><\/span> <\/label>\n\n<label> Tel*\n<span class=\"wpcf7-form-control-wrap\" data-name=\"tel-356\"><input size=\"40\" maxlength=\"400\" class=\"wpcf7-form-control wpcf7-tel wpcf7-validates-as-required wpcf7-text wpcf7-validates-as-tel\" aria-required=\"true\" aria-invalid=\"false\" value=\"\" type=\"tel\" name=\"tel-356\" \/><\/span> <\/label>\n\n<label> Consultations\n<span class=\"wpcf7-form-control-wrap\" data-name=\"Consultations\"><select class=\"wpcf7-form-control wpcf7-select\" aria-invalid=\"false\" name=\"Consultations\"><option value=\"\">&#8212;Veuillez choisir une option&#8212;<\/option><option value=\"Mes Couleurs\">My Colours<\/option><option value=\"Ma Silhouette\">My Silhouette<\/option><option value=\"Mon Visage\">My Face<\/option><option value=\"Combo Mes Couleurs + Ma Silhouette\">Combo My Colours + My Silhouette<\/option><option value=\"Combo Mes Couleurs + Mon Visage\">Combo My Colours + My Face<\/option><option value=\"Combo Ma Silhouette + Mon Visage\">Combo My Silhouette + My Face<\/option><option value=\"Combo Mes Couleurs + Ma Silhouette + Mon Visage\">Combo My Colours + My Silhouette + My Face<\/option><\/select><\/span> <\/label>\n\n<label> City*\n<span class=\"wpcf7-form-control-wrap\" data-name=\"Ville\"><select class=\"wpcf7-form-control wpcf7-select\" aria-invalid=\"false\" name=\"Ville\"><option value=\"\">&#8212;Veuillez choisir une option&#8212;<\/option><option value=\"Bruxelles\">Bruxelles<\/option><option value=\"Paris\">Paris<\/option><option value=\"Milan\">Milan<\/option><\/select><\/span><\/label>\n\n<label> Preferred date\n<span class=\"wpcf7-form-control-wrap\" data-name=\"Dates\"><input size=\"40\" maxlength=\"400\" class=\"wpcf7-form-control wpcf7-text\" aria-invalid=\"false\" value=\"\" type=\"text\" name=\"Dates\" \/><\/span><\/label>\n\n<label> Message*\n    <span class=\"wpcf7-form-control-wrap\" data-name=\"your-message\"><textarea cols=\"40\" rows=\"10\" maxlength=\"2000\" class=\"wpcf7-form-control wpcf7-textarea wpcf7-validates-as-required\" aria-required=\"true\" aria-invalid=\"false\" name=\"your-message\"><\/textarea><\/span> <\/label>\n\n<input class=\"wpcf7-form-control wpcf7-submit has-spinner\" type=\"submit\" value=\"Send\" \/><input type=\"hidden\" id=\"ct_checkjs_cf7_e820a45f1dfc7b95282d10b6087e11c0\" name=\"ct_checkjs_cf7\" value=\"0\" \/><script >setTimeout(function(){var ct_input_name = \"ct_checkjs_cf7_e820a45f1dfc7b95282d10b6087e11c0\";if (document.getElementById(ct_input_name) !== null) {var ct_input_value = document.getElementById(ct_input_name).value;document.getElementById(ct_input_name).value = document.getElementById(ct_input_name).value.replace(ct_input_value, '328dcef95afe2c5d3f49c29d4a73ced71a2d025328ac4cb46af8c109d478313e');}}, 1000);<\/script><input\n                    class=\"apbct_special_field apbct_email_id__wp_contact_form_7\"\n                    name=\"apbct__email_id__wp_contact_form_7\"\n                    aria-label=\"apbct__label_id__wp_contact_form_7\"\n                    type=\"text\" size=\"30\" maxlength=\"200\" autocomplete=\"off\"\n                    value=\"\"\n                \/><div class=\"wpcf7-response-output\" aria-hidden=\"true\"><\/div>\n<input\n                    class=\"apbct_special_field apbct_email_id__elementor_form\"\n                    name=\"apbct__email_id__elementor_form\"\n                    aria-label=\"apbct__label_id__elementor_form\"\n                    type=\"text\" size=\"30\" maxlength=\"200\" autocomplete=\"off\"\n                    value=\"\"\n                \/><input type=\"hidden\" name=\"trp-form-language\" value=\"en\"\/><\/form>\n<\/div>\n<\/p>\t\t\t\t\t\t\t\t<\/div>\n\t\t\t\t<\/div>\n\t\t\t\t<\/div>\n\t\t<div class=\"elementor-element elementor-element-5e2caf5f e-con-full e-flex e-con e-child\" data-id=\"5e2caf5f\" data-element_type=\"container\" data-e-type=\"container\">\n\t\t\t\t<\/div>\n\t\t\t\t\t<\/div>\n\t\t\t\t<\/div>\n\t\t\t\t<\/div>","protected":false},"excerpt":{"rendered":"<p>\u00c0 qui est destin\u00e9e une consultation en image ? Faut-il \u00eatre accro dans la mode ? L\u2019amour pour la mode n\u2019est pas requis : nous allons d\u00e9couvrir le pouvoir de l\u2019habillement, accessible \u00e0 tous. Je suis l\u00e0 pour t&rsquo;accompagner pendant un parcours de red\u00e9couverte de&#8230;<\/p>","protected":false},"author":1,"featured_media":0,"parent":0,"menu_order":0,"comment_status":"closed","ping_status":"closed","template":"elementor_header_footer","meta":{"om_disable_all_campaigns":false,"_monsterinsights_skip_tracking":false,"_monsterinsights_sitenote_active":false,"_monsterinsights_sitenote_note":"","_monsterinsights_sitenote_category":0,"_uf_show_specific_survey":0,"_uf_disable_surveys":false,"footnotes":""},"class_list":["post-175","page","type-page","status-publish","hentry"],"aioseo_notices":[],"jetpack_sharing_enabled":true,"_links":{"self":[{"href":"https:\/\/cipicromie.com\/en\/wp-json\/wp\/v2\/pages\/175","targetHints":{"allow":["GET"]}}],"collection":[{"href":"https:\/\/cipicromie.com\/en\/wp-json\/wp\/v2\/pages"}],"about":[{"href":"https:\/\/cipicromie.com\/en\/wp-json\/wp\/v2\/types\/page"}],"author":[{"embeddable":true,"href":"https:\/\/cipicromie.com\/en\/wp-json\/wp\/v2\/users\/1"}],"replies":[{"embeddable":true,"href":"https:\/\/cipicromie.com\/en\/wp-json\/wp\/v2\/comments?post=175"}],"version-history":[{"count":70,"href":"https:\/\/cipicromie.com\/en\/wp-json\/wp\/v2\/pages\/175\/revisions"}],"predecessor-version":[{"id":640,"href":"https:\/\/cipicromie.com\/en\/wp-json\/wp\/v2\/pages\/175\/revisions\/640"}],"wp:attachment":[{"href":"https:\/\/cipicromie.com\/en\/wp-json\/wp\/v2\/media?parent=175"}],"curies":[{"name":"wp","href":"https:\/\/api.w.org\/{rel}","templated":true}]}}